{"id":1169,"date":"2016-04-18T21:28:28","date_gmt":"2016-04-18T18:28:28","guid":{"rendered":"https:\/\/dev.tokset.com\/\/product\/turvatuhkis-xl-3\/?lang=en"},"modified":"2016-11-17T14:18:48","modified_gmt":"2016-11-17T12:18:48","slug":"turvatuhkis-xl","status":"publish","type":"product","link":"https:\/\/dev.tokset.com\/en\/products\/ash-containers-stainless\/turvatuhkis-xl\/","title":{"rendered":"Safe Tray XL"},"content":{"rendered":"<div class=\"gca-column one-half first\"><p>Technical data:<\/p>\n<ul>\n<li>Code: 114-600KS<\/li>\n<li>Lenght: 600 mm<\/li>\n<li>Width: 114 mm<\/li>\n<li>Weight: 3,3 kg<\/li>\n<li>Volume: 5,8 l<\/li>\n<li>Color: Polished<\/li>\n<\/ul>\n<ul>\n<li><\/div><div class=\"gca-column one-half\"><img loading=\"lazy\" decoding=\"async\" class=\"alignnone size-medium wp-image-551\" src=\"https:\/\/dev.tokset.com\/\/wp-content\/uploads\/114-600KS_tech-252x300.jpg\" alt=\"114-600KS_tech\" height=\"300\" width=\"252\"><\/div><\/li>\n<\/ul>\n","protected":false},"excerpt":{"rendered":"<p>Safe Tray XL<br \/>\nmounted on pole, triangular key and lock, exstinguishing rod, inner pipe reduces ozygen flow and prohibits smoke, easy to empty by opening hinged bottom lid.<\/p>\n","protected":false},"featured_media":381,"template":"","meta":{"_uag_custom_page_level_css":"","_genesis_hide_title":false,"_genesis_hide_breadcrumbs":false,"_genesis_hide_singular_image":false,"_genesis_hide_footer_widgets":false,"_genesis_custom_body_class":"","_genesis_custom_post_class":"","_genesis_layout":"","ngg_post_thumbnail":0},"product_brand":[],"product_cat":[25],"product_tag":[],"class_list":{"0":"post-1169","1":"product","2":"type-product","3":"status-publish","4":"has-post-thumbnail","6":"product_cat-ash-containers-stainless","7":"entry","9":"first","10":"instock","11":"shipping-taxable","12":"product-type-simple"},"yoast_head":"<!-- This site is optimized with the Yoast SEO plugin v24.3 - https:\/\/yoast.com\/wordpress\/plugins\/seo\/ -->\n<title>Safe Tray XL | Tokset Oy on kotimainen valmistaja<\/title>\n<meta name=\"description\" content=\"Laadukkaasta materiaalista valmistetut paloturvalliset tuhka-astiat. Tutustu tuotteisiimme ja ota yhteytt\u00e4! Kest\u00e4v\u00e4t tuhka-astiat sis\u00e4- ja ulkotiloihin.\" \/>\n<meta name=\"robots\" content=\"index, follow, max-snippet:-1, max-image-preview:large, max-video-preview:-1\" \/>\n<link rel=\"canonical\" href=\"https:\/\/dev.tokset.com\/en\/products\/ash-containers-stainless\/turvatuhkis-xl\/\" \/>\n<meta property=\"og:locale\" content=\"en_US\" \/>\n<meta property=\"og:type\" content=\"article\" \/>\n<meta property=\"og:title\" content=\"Safe Tray XL | Tokset Oy on kotimainen valmistaja\" \/>\n<meta property=\"og:description\" content=\"Laadukkaasta materiaalista valmistetut paloturvalliset tuhka-astiat. Tutustu tuotteisiimme ja ota yhteytt\u00e4! Kest\u00e4v\u00e4t tuhka-astiat sis\u00e4- ja ulkotiloihin.\" \/>\n<meta property=\"og:url\" content=\"https:\/\/dev.tokset.com\/en\/products\/ash-containers-stainless\/turvatuhkis-xl\/\" \/>\n<meta property=\"og:site_name\" content=\"Tokset Oy\" \/>\n<meta property=\"article:modified_time\" content=\"2016-11-17T12:18:48+00:00\" \/>\n<meta property=\"og:image\" content=\"https:\/\/dev.tokset.com\/wp-content\/uploads\/114-600KS.jpg\" \/>\n\t<meta property=\"og:image:width\" content=\"145\" \/>\n\t<meta property=\"og:image:height\" content=\"300\" \/>\n\t<meta property=\"og:image:type\" content=\"image\/jpeg\" \/>\n<meta name=\"twitter:card\" content=\"summary_large_image\" \/>\n<script type=\"application\/ld+json\" class=\"yoast-schema-graph\">{\"@context\":\"https:\/\/schema.org\",\"@graph\":[{\"@type\":\"WebPage\",\"@id\":\"https:\/\/dev.tokset.com\/en\/products\/ash-containers-stainless\/turvatuhkis-xl\/\",\"url\":\"https:\/\/dev.tokset.com\/en\/products\/ash-containers-stainless\/turvatuhkis-xl\/\",\"name\":\"Safe Tray XL | Tokset Oy on kotimainen valmistaja\",\"isPartOf\":{\"@id\":\"https:\/\/dev.tokset.com\/#website\"},\"primaryImageOfPage\":{\"@id\":\"https:\/\/dev.tokset.com\/en\/products\/ash-containers-stainless\/turvatuhkis-xl\/#primaryimage\"},\"image\":{\"@id\":\"https:\/\/dev.tokset.com\/en\/products\/ash-containers-stainless\/turvatuhkis-xl\/#primaryimage\"},\"thumbnailUrl\":\"https:\/\/dev.tokset.com\/wp-content\/uploads\/114-600KS.jpg\",\"datePublished\":\"2016-04-18T18:28:28+00:00\",\"dateModified\":\"2016-11-17T12:18:48+00:00\",\"description\":\"Laadukkaasta materiaalista valmistetut paloturvalliset tuhka-astiat. Tutustu tuotteisiimme ja ota yhteytt\u00e4! Kest\u00e4v\u00e4t tuhka-astiat sis\u00e4- ja ulkotiloihin.\",\"breadcrumb\":{\"@id\":\"https:\/\/dev.tokset.com\/en\/products\/ash-containers-stainless\/turvatuhkis-xl\/#breadcrumb\"},\"inLanguage\":\"en-US\",\"potentialAction\":[{\"@type\":\"ReadAction\",\"target\":[\"https:\/\/dev.tokset.com\/en\/products\/ash-containers-stainless\/turvatuhkis-xl\/\"]}]},{\"@type\":\"ImageObject\",\"inLanguage\":\"en-US\",\"@id\":\"https:\/\/dev.tokset.com\/en\/products\/ash-containers-stainless\/turvatuhkis-xl\/#primaryimage\",\"url\":\"https:\/\/dev.tokset.com\/wp-content\/uploads\/114-600KS.jpg\",\"contentUrl\":\"https:\/\/dev.tokset.com\/wp-content\/uploads\/114-600KS.jpg\",\"width\":145,\"height\":300,\"caption\":\"Tuhka-astia XL\"},{\"@type\":\"BreadcrumbList\",\"@id\":\"https:\/\/dev.tokset.com\/en\/products\/ash-containers-stainless\/turvatuhkis-xl\/#breadcrumb\",\"itemListElement\":[{\"@type\":\"ListItem\",\"position\":1,\"name\":\"Etusivu\",\"item\":\"https:\/\/dev.tokset.com\/en\/front-page\/\"},{\"@type\":\"ListItem\",\"position\":2,\"name\":\"PRODUCTS\",\"item\":\"https:\/\/dev.tokset.com\/en\/products\/\"},{\"@type\":\"ListItem\",\"position\":3,\"name\":\"Safe Tray XL\"}]},{\"@type\":\"WebSite\",\"@id\":\"https:\/\/dev.tokset.com\/#website\",\"url\":\"https:\/\/dev.tokset.com\/\",\"name\":\"Tokset Oy\",\"description\":\"Paloturvalliset tuhka- ja roska-astiat\",\"publisher\":{\"@id\":\"https:\/\/dev.tokset.com\/#organization\"},\"potentialAction\":[{\"@type\":\"SearchAction\",\"target\":{\"@type\":\"EntryPoint\",\"urlTemplate\":\"https:\/\/dev.tokset.com\/?s={search_term_string}\"},\"query-input\":{\"@type\":\"PropertyValueSpecification\",\"valueRequired\":true,\"valueName\":\"search_term_string\"}}],\"inLanguage\":\"en-US\"},{\"@type\":\"Organization\",\"@id\":\"https:\/\/dev.tokset.com\/#organization\",\"name\":\"Tokset Oy\",\"url\":\"https:\/\/dev.tokset.com\/\",\"logo\":{\"@type\":\"ImageObject\",\"inLanguage\":\"en-US\",\"@id\":\"https:\/\/dev.tokset.com\/#\/schema\/logo\/image\/\",\"url\":\"https:\/\/dev.tokset.com\/wp-content\/uploads\/toksetlogo_musta-1.png\",\"contentUrl\":\"https:\/\/dev.tokset.com\/wp-content\/uploads\/toksetlogo_musta-1.png\",\"width\":649,\"height\":222,\"caption\":\"Tokset Oy\"},\"image\":{\"@id\":\"https:\/\/dev.tokset.com\/#\/schema\/logo\/image\/\"}}]}<\/script>\n<!-- \/ Yoast SEO plugin. -->","yoast_head_json":{"title":"Safe Tray XL | Tokset Oy on kotimainen valmistaja","description":"Laadukkaasta materiaalista valmistetut paloturvalliset tuhka-astiat. Tutustu tuotteisiimme ja ota yhteytt\u00e4! Kest\u00e4v\u00e4t tuhka-astiat sis\u00e4- ja ulkotiloihin.","robots":{"index":"index","follow":"follow","max-snippet":"max-snippet:-1","max-image-preview":"max-image-preview:large","max-video-preview":"max-video-preview:-1"},"canonical":"https:\/\/dev.tokset.com\/en\/products\/ash-containers-stainless\/turvatuhkis-xl\/","og_locale":"en_US","og_type":"article","og_title":"Safe Tray XL | Tokset Oy on kotimainen valmistaja","og_description":"Laadukkaasta materiaalista valmistetut paloturvalliset tuhka-astiat. Tutustu tuotteisiimme ja ota yhteytt\u00e4! Kest\u00e4v\u00e4t tuhka-astiat sis\u00e4- ja ulkotiloihin.","og_url":"https:\/\/dev.tokset.com\/en\/products\/ash-containers-stainless\/turvatuhkis-xl\/","og_site_name":"Tokset Oy","article_modified_time":"2016-11-17T12:18:48+00:00","og_image":[{"width":145,"height":300,"url":"https:\/\/dev.tokset.com\/wp-content\/uploads\/114-600KS.jpg","type":"image\/jpeg"}],"twitter_card":"summary_large_image","schema":{"@context":"https:\/\/schema.org","@graph":[{"@type":"WebPage","@id":"https:\/\/dev.tokset.com\/en\/products\/ash-containers-stainless\/turvatuhkis-xl\/","url":"https:\/\/dev.tokset.com\/en\/products\/ash-containers-stainless\/turvatuhkis-xl\/","name":"Safe Tray XL | Tokset Oy on kotimainen valmistaja","isPartOf":{"@id":"https:\/\/dev.tokset.com\/#website"},"primaryImageOfPage":{"@id":"https:\/\/dev.tokset.com\/en\/products\/ash-containers-stainless\/turvatuhkis-xl\/#primaryimage"},"image":{"@id":"https:\/\/dev.tokset.com\/en\/products\/ash-containers-stainless\/turvatuhkis-xl\/#primaryimage"},"thumbnailUrl":"https:\/\/dev.tokset.com\/wp-content\/uploads\/114-600KS.jpg","datePublished":"2016-04-18T18:28:28+00:00","dateModified":"2016-11-17T12:18:48+00:00","description":"Laadukkaasta materiaalista valmistetut paloturvalliset tuhka-astiat. Tutustu tuotteisiimme ja ota yhteytt\u00e4! Kest\u00e4v\u00e4t tuhka-astiat sis\u00e4- ja ulkotiloihin.","breadcrumb":{"@id":"https:\/\/dev.tokset.com\/en\/products\/ash-containers-stainless\/turvatuhkis-xl\/#breadcrumb"},"inLanguage":"en-US","potentialAction":[{"@type":"ReadAction","target":["https:\/\/dev.tokset.com\/en\/products\/ash-containers-stainless\/turvatuhkis-xl\/"]}]},{"@type":"ImageObject","inLanguage":"en-US","@id":"https:\/\/dev.tokset.com\/en\/products\/ash-containers-stainless\/turvatuhkis-xl\/#primaryimage","url":"https:\/\/dev.tokset.com\/wp-content\/uploads\/114-600KS.jpg","contentUrl":"https:\/\/dev.tokset.com\/wp-content\/uploads\/114-600KS.jpg","width":145,"height":300,"caption":"Tuhka-astia XL"},{"@type":"BreadcrumbList","@id":"https:\/\/dev.tokset.com\/en\/products\/ash-containers-stainless\/turvatuhkis-xl\/#breadcrumb","itemListElement":[{"@type":"ListItem","position":1,"name":"Etusivu","item":"https:\/\/dev.tokset.com\/en\/front-page\/"},{"@type":"ListItem","position":2,"name":"PRODUCTS","item":"https:\/\/dev.tokset.com\/en\/products\/"},{"@type":"ListItem","position":3,"name":"Safe Tray XL"}]},{"@type":"WebSite","@id":"https:\/\/dev.tokset.com\/#website","url":"https:\/\/dev.tokset.com\/","name":"Tokset Oy","description":"Paloturvalliset tuhka- ja roska-astiat","publisher":{"@id":"https:\/\/dev.tokset.com\/#organization"},"potentialAction":[{"@type":"SearchAction","target":{"@type":"EntryPoint","urlTemplate":"https:\/\/dev.tokset.com\/?s={search_term_string}"},"query-input":{"@type":"PropertyValueSpecification","valueRequired":true,"valueName":"search_term_string"}}],"inLanguage":"en-US"},{"@type":"Organization","@id":"https:\/\/dev.tokset.com\/#organization","name":"Tokset Oy","url":"https:\/\/dev.tokset.com\/","logo":{"@type":"ImageObject","inLanguage":"en-US","@id":"https:\/\/dev.tokset.com\/#\/schema\/logo\/image\/","url":"https:\/\/dev.tokset.com\/wp-content\/uploads\/toksetlogo_musta-1.png","contentUrl":"https:\/\/dev.tokset.com\/wp-content\/uploads\/toksetlogo_musta-1.png","width":649,"height":222,"caption":"Tokset Oy"},"image":{"@id":"https:\/\/dev.tokset.com\/#\/schema\/logo\/image\/"}}]}},"uagb_featured_image_src":{"full":["https:\/\/dev.tokset.com\/wp-content\/uploads\/114-600KS.jpg",145,300,false],"thumbnail":["https:\/\/dev.tokset.com\/wp-content\/uploads\/114-600KS.jpg",73,150,false],"medium":["https:\/\/dev.tokset.com\/wp-content\/uploads\/114-600KS.jpg",145,300,false],"medium_large":["https:\/\/dev.tokset.com\/wp-content\/uploads\/114-600KS.jpg",145,300,false],"large":["https:\/\/dev.tokset.com\/wp-content\/uploads\/114-600KS.jpg",145,300,false],"1536x1536":["https:\/\/dev.tokset.com\/wp-content\/uploads\/114-600KS.jpg",145,300,false],"2048x2048":["https:\/\/dev.tokset.com\/wp-content\/uploads\/114-600KS.jpg",145,300,false],"sidebar-featured":["https:\/\/dev.tokset.com\/wp-content\/uploads\/114-600KS.jpg",36,75,false],"genesis-singular-images":["https:\/\/dev.tokset.com\/wp-content\/uploads\/114-600KS.jpg",145,300,false],"woocommerce_thumbnail":["https:\/\/dev.tokset.com\/wp-content\/uploads\/114-600KS.jpg",145,300,false],"woocommerce_single":["https:\/\/dev.tokset.com\/wp-content\/uploads\/114-600KS.jpg",145,300,false],"woocommerce_gallery_thumbnail":["https:\/\/dev.tokset.com\/wp-content\/uploads\/114-600KS-145x180.jpg",145,180,true]},"uagb_author_info":{"display_name":"Tokset Oy","author_link":"https:\/\/dev.tokset.com\/en\/author\/"},"uagb_comment_info":0,"uagb_excerpt":"Safe Tray XL mounted on pole, triangular key and lock, exstinguishing rod, inner pipe reduces ozygen flow and prohibits smoke, easy to empty by opening hinged bottom lid.","_links":{"self":[{"href":"https:\/\/dev.tokset.com\/en\/wp-json\/wp\/v2\/product\/1169","targetHints":{"allow":["GET"]}}],"collection":[{"href":"https:\/\/dev.tokset.com\/en\/wp-json\/wp\/v2\/product"}],"about":[{"href":"https:\/\/dev.tokset.com\/en\/wp-json\/wp\/v2\/types\/product"}],"wp:featuredmedia":[{"embeddable":true,"href":"https:\/\/dev.tokset.com\/en\/wp-json\/wp\/v2\/media\/381"}],"wp:attachment":[{"href":"https:\/\/dev.tokset.com\/en\/wp-json\/wp\/v2\/media?parent=1169"}],"wp:term":[{"taxonomy":"product_brand","embeddable":true,"href":"https:\/\/dev.tokset.com\/en\/wp-json\/wp\/v2\/product_brand?post=1169"},{"taxonomy":"product_cat","embeddable":true,"href":"https:\/\/dev.tokset.com\/en\/wp-json\/wp\/v2\/product_cat?post=1169"},{"taxonomy":"product_tag","embeddable":true,"href":"https:\/\/dev.tokset.com\/en\/wp-json\/wp\/v2\/product_tag?post=1169"}],"curies":[{"name":"wp","href":"https:\/\/api.w.org\/{rel}","templated":true}]}}