{"id":1209,"date":"2016-05-30T11:51:51","date_gmt":"2016-12-05T10:20:49","guid":{"rendered":"https:\/\/dev.tokset.com\/\/?post_type=product&#038;p=1209&#038;lang=en"},"modified":"2016-12-05T12:48:39","modified_gmt":"2016-12-05T10:48:39","slug":"hyde-park-bench-hooligan","status":"publish","type":"product","link":"https:\/\/dev.tokset.com\/en\/products\/hyde-park-bench\/hyde-park-bench-hooligan\/","title":{"rendered":"Hyde Park Bench Hooligan"},"content":{"rendered":"<p>Technical data:<\/p>\n<ul>\n<li>Galvanized steel painted in all RAL-colours<\/li>\n<li>U-profile seat\/backrest 40 x 20 x 3 mm<\/li>\n<li>Support irons 4 mm<\/li>\n<li>Legs 50 x 50 x 300 mm<\/li>\n<li>Weight 65 kg<\/li>\n<li>Width. 2020 mm, height 788 mm, depth 602 mm, seat height 435mm<\/li>\n<\/ul>\n","protected":false},"excerpt":{"rendered":"<p>Hooligan resistant bench.<\/p>\n","protected":false},"featured_media":818,"template":"","meta":{"_uag_custom_page_level_css":"","_genesis_hide_title":false,"_genesis_hide_breadcrumbs":false,"_genesis_hide_singular_image":false,"_genesis_hide_footer_widgets":false,"_genesis_custom_body_class":"","_genesis_custom_post_class":"","_genesis_layout":"","ngg_post_thumbnail":0},"product_brand":[],"product_cat":[41],"product_tag":[],"class_list":{"0":"post-1209","1":"product","2":"type-product","3":"status-publish","4":"has-post-thumbnail","6":"product_cat-hyde-park-bench","7":"entry","9":"first","10":"instock","11":"shipping-taxable","12":"product-type-simple"},"yoast_head":"<!-- This site is optimized with the Yoast SEO plugin v24.3 - https:\/\/yoast.com\/wordpress\/plugins\/seo\/ -->\n<title>Hyde Park Bench Hooligan | Tokset Oy<\/title>\n<meta name=\"description\" content=\"Ilkivallan kest\u00e4v\u00e4 puistonpenkki Hyde Park Bench Hooligan on saatavissa kaikilla RAL v\u00e4rikartan s\u00e4vyill\u00e4. Puistonpenkki on vankkarakenteinen.\" \/>\n<meta name=\"robots\" content=\"index, follow, max-snippet:-1, max-image-preview:large, max-video-preview:-1\" \/>\n<link rel=\"canonical\" href=\"https:\/\/dev.tokset.com\/en\/products\/hyde-park-bench\/hyde-park-bench-hooligan\/\" \/>\n<meta property=\"og:locale\" content=\"en_US\" \/>\n<meta property=\"og:type\" content=\"article\" \/>\n<meta property=\"og:title\" content=\"Hyde Park Bench Hooligan | Tokset Oy\" \/>\n<meta property=\"og:description\" content=\"Ilkivallan kest\u00e4v\u00e4 puistonpenkki Hyde Park Bench Hooligan on saatavissa kaikilla RAL v\u00e4rikartan s\u00e4vyill\u00e4. Puistonpenkki on vankkarakenteinen.\" \/>\n<meta property=\"og:url\" content=\"https:\/\/dev.tokset.com\/en\/products\/hyde-park-bench\/hyde-park-bench-hooligan\/\" \/>\n<meta property=\"og:site_name\" content=\"Tokset Oy\" \/>\n<meta property=\"article:modified_time\" content=\"2016-12-05T10:48:39+00:00\" \/>\n<meta property=\"og:image\" content=\"https:\/\/dev.tokset.com\/wp-content\/uploads\/aeaec750-c0dd-452b-b580-693a00109075.jpe\" \/>\n\t<meta property=\"og:image:width\" content=\"754\" \/>\n\t<meta property=\"og:image:height\" content=\"503\" \/>\n\t<meta property=\"og:image:type\" content=\"image\/jpeg\" \/>\n<meta name=\"twitter:card\" content=\"summary_large_image\" \/>\n<script type=\"application\/ld+json\" class=\"yoast-schema-graph\">{\"@context\":\"https:\/\/schema.org\",\"@graph\":[{\"@type\":\"WebPage\",\"@id\":\"https:\/\/dev.tokset.com\/en\/products\/hyde-park-bench\/hyde-park-bench-hooligan\/\",\"url\":\"https:\/\/dev.tokset.com\/en\/products\/hyde-park-bench\/hyde-park-bench-hooligan\/\",\"name\":\"Hyde Park Bench Hooligan | Tokset Oy\",\"isPartOf\":{\"@id\":\"https:\/\/dev.tokset.com\/#website\"},\"primaryImageOfPage\":{\"@id\":\"https:\/\/dev.tokset.com\/en\/products\/hyde-park-bench\/hyde-park-bench-hooligan\/#primaryimage\"},\"image\":{\"@id\":\"https:\/\/dev.tokset.com\/en\/products\/hyde-park-bench\/hyde-park-bench-hooligan\/#primaryimage\"},\"thumbnailUrl\":\"https:\/\/dev.tokset.com\/wp-content\/uploads\/aeaec750-c0dd-452b-b580-693a00109075.jpe\",\"datePublished\":\"2016-12-05T10:20:49+00:00\",\"dateModified\":\"2016-12-05T10:48:39+00:00\",\"description\":\"Ilkivallan kest\u00e4v\u00e4 puistonpenkki Hyde Park Bench Hooligan on saatavissa kaikilla RAL v\u00e4rikartan s\u00e4vyill\u00e4. Puistonpenkki on vankkarakenteinen.\",\"breadcrumb\":{\"@id\":\"https:\/\/dev.tokset.com\/en\/products\/hyde-park-bench\/hyde-park-bench-hooligan\/#breadcrumb\"},\"inLanguage\":\"en-US\",\"potentialAction\":[{\"@type\":\"ReadAction\",\"target\":[\"https:\/\/dev.tokset.com\/en\/products\/hyde-park-bench\/hyde-park-bench-hooligan\/\"]}]},{\"@type\":\"ImageObject\",\"inLanguage\":\"en-US\",\"@id\":\"https:\/\/dev.tokset.com\/en\/products\/hyde-park-bench\/hyde-park-bench-hooligan\/#primaryimage\",\"url\":\"https:\/\/dev.tokset.com\/wp-content\/uploads\/aeaec750-c0dd-452b-b580-693a00109075.jpe\",\"contentUrl\":\"https:\/\/dev.tokset.com\/wp-content\/uploads\/aeaec750-c0dd-452b-b580-693a00109075.jpe\",\"width\":754,\"height\":503,\"caption\":\"Puistopenkki\"},{\"@type\":\"BreadcrumbList\",\"@id\":\"https:\/\/dev.tokset.com\/en\/products\/hyde-park-bench\/hyde-park-bench-hooligan\/#breadcrumb\",\"itemListElement\":[{\"@type\":\"ListItem\",\"position\":1,\"name\":\"Etusivu\",\"item\":\"https:\/\/dev.tokset.com\/en\/front-page\/\"},{\"@type\":\"ListItem\",\"position\":2,\"name\":\"PRODUCTS\",\"item\":\"https:\/\/dev.tokset.com\/en\/products\/\"},{\"@type\":\"ListItem\",\"position\":3,\"name\":\"Hyde Park Bench Hooligan\"}]},{\"@type\":\"WebSite\",\"@id\":\"https:\/\/dev.tokset.com\/#website\",\"url\":\"https:\/\/dev.tokset.com\/\",\"name\":\"Tokset Oy\",\"description\":\"Paloturvalliset tuhka- ja roska-astiat\",\"publisher\":{\"@id\":\"https:\/\/dev.tokset.com\/#organization\"},\"potentialAction\":[{\"@type\":\"SearchAction\",\"target\":{\"@type\":\"EntryPoint\",\"urlTemplate\":\"https:\/\/dev.tokset.com\/?s={search_term_string}\"},\"query-input\":{\"@type\":\"PropertyValueSpecification\",\"valueRequired\":true,\"valueName\":\"search_term_string\"}}],\"inLanguage\":\"en-US\"},{\"@type\":\"Organization\",\"@id\":\"https:\/\/dev.tokset.com\/#organization\",\"name\":\"Tokset Oy\",\"url\":\"https:\/\/dev.tokset.com\/\",\"logo\":{\"@type\":\"ImageObject\",\"inLanguage\":\"en-US\",\"@id\":\"https:\/\/dev.tokset.com\/#\/schema\/logo\/image\/\",\"url\":\"https:\/\/dev.tokset.com\/wp-content\/uploads\/toksetlogo_musta-1.png\",\"contentUrl\":\"https:\/\/dev.tokset.com\/wp-content\/uploads\/toksetlogo_musta-1.png\",\"width\":649,\"height\":222,\"caption\":\"Tokset Oy\"},\"image\":{\"@id\":\"https:\/\/dev.tokset.com\/#\/schema\/logo\/image\/\"}}]}<\/script>\n<!-- \/ Yoast SEO plugin. -->","yoast_head_json":{"title":"Hyde Park Bench Hooligan | Tokset Oy","description":"Ilkivallan kest\u00e4v\u00e4 puistonpenkki Hyde Park Bench Hooligan on saatavissa kaikilla RAL v\u00e4rikartan s\u00e4vyill\u00e4. Puistonpenkki on vankkarakenteinen.","robots":{"index":"index","follow":"follow","max-snippet":"max-snippet:-1","max-image-preview":"max-image-preview:large","max-video-preview":"max-video-preview:-1"},"canonical":"https:\/\/dev.tokset.com\/en\/products\/hyde-park-bench\/hyde-park-bench-hooligan\/","og_locale":"en_US","og_type":"article","og_title":"Hyde Park Bench Hooligan | Tokset Oy","og_description":"Ilkivallan kest\u00e4v\u00e4 puistonpenkki Hyde Park Bench Hooligan on saatavissa kaikilla RAL v\u00e4rikartan s\u00e4vyill\u00e4. Puistonpenkki on vankkarakenteinen.","og_url":"https:\/\/dev.tokset.com\/en\/products\/hyde-park-bench\/hyde-park-bench-hooligan\/","og_site_name":"Tokset Oy","article_modified_time":"2016-12-05T10:48:39+00:00","og_image":[{"width":754,"height":503,"url":"https:\/\/dev.tokset.com\/wp-content\/uploads\/aeaec750-c0dd-452b-b580-693a00109075.jpe","type":"image\/jpeg"}],"twitter_card":"summary_large_image","schema":{"@context":"https:\/\/schema.org","@graph":[{"@type":"WebPage","@id":"https:\/\/dev.tokset.com\/en\/products\/hyde-park-bench\/hyde-park-bench-hooligan\/","url":"https:\/\/dev.tokset.com\/en\/products\/hyde-park-bench\/hyde-park-bench-hooligan\/","name":"Hyde Park Bench Hooligan | Tokset Oy","isPartOf":{"@id":"https:\/\/dev.tokset.com\/#website"},"primaryImageOfPage":{"@id":"https:\/\/dev.tokset.com\/en\/products\/hyde-park-bench\/hyde-park-bench-hooligan\/#primaryimage"},"image":{"@id":"https:\/\/dev.tokset.com\/en\/products\/hyde-park-bench\/hyde-park-bench-hooligan\/#primaryimage"},"thumbnailUrl":"https:\/\/dev.tokset.com\/wp-content\/uploads\/aeaec750-c0dd-452b-b580-693a00109075.jpe","datePublished":"2016-12-05T10:20:49+00:00","dateModified":"2016-12-05T10:48:39+00:00","description":"Ilkivallan kest\u00e4v\u00e4 puistonpenkki Hyde Park Bench Hooligan on saatavissa kaikilla RAL v\u00e4rikartan s\u00e4vyill\u00e4. Puistonpenkki on vankkarakenteinen.","breadcrumb":{"@id":"https:\/\/dev.tokset.com\/en\/products\/hyde-park-bench\/hyde-park-bench-hooligan\/#breadcrumb"},"inLanguage":"en-US","potentialAction":[{"@type":"ReadAction","target":["https:\/\/dev.tokset.com\/en\/products\/hyde-park-bench\/hyde-park-bench-hooligan\/"]}]},{"@type":"ImageObject","inLanguage":"en-US","@id":"https:\/\/dev.tokset.com\/en\/products\/hyde-park-bench\/hyde-park-bench-hooligan\/#primaryimage","url":"https:\/\/dev.tokset.com\/wp-content\/uploads\/aeaec750-c0dd-452b-b580-693a00109075.jpe","contentUrl":"https:\/\/dev.tokset.com\/wp-content\/uploads\/aeaec750-c0dd-452b-b580-693a00109075.jpe","width":754,"height":503,"caption":"Puistopenkki"},{"@type":"BreadcrumbList","@id":"https:\/\/dev.tokset.com\/en\/products\/hyde-park-bench\/hyde-park-bench-hooligan\/#breadcrumb","itemListElement":[{"@type":"ListItem","position":1,"name":"Etusivu","item":"https:\/\/dev.tokset.com\/en\/front-page\/"},{"@type":"ListItem","position":2,"name":"PRODUCTS","item":"https:\/\/dev.tokset.com\/en\/products\/"},{"@type":"ListItem","position":3,"name":"Hyde Park Bench Hooligan"}]},{"@type":"WebSite","@id":"https:\/\/dev.tokset.com\/#website","url":"https:\/\/dev.tokset.com\/","name":"Tokset Oy","description":"Paloturvalliset tuhka- ja roska-astiat","publisher":{"@id":"https:\/\/dev.tokset.com\/#organization"},"potentialAction":[{"@type":"SearchAction","target":{"@type":"EntryPoint","urlTemplate":"https:\/\/dev.tokset.com\/?s={search_term_string}"},"query-input":{"@type":"PropertyValueSpecification","valueRequired":true,"valueName":"search_term_string"}}],"inLanguage":"en-US"},{"@type":"Organization","@id":"https:\/\/dev.tokset.com\/#organization","name":"Tokset Oy","url":"https:\/\/dev.tokset.com\/","logo":{"@type":"ImageObject","inLanguage":"en-US","@id":"https:\/\/dev.tokset.com\/#\/schema\/logo\/image\/","url":"https:\/\/dev.tokset.com\/wp-content\/uploads\/toksetlogo_musta-1.png","contentUrl":"https:\/\/dev.tokset.com\/wp-content\/uploads\/toksetlogo_musta-1.png","width":649,"height":222,"caption":"Tokset Oy"},"image":{"@id":"https:\/\/dev.tokset.com\/#\/schema\/logo\/image\/"}}]}},"uagb_featured_image_src":{"full":["https:\/\/dev.tokset.com\/wp-content\/uploads\/aeaec750-c0dd-452b-b580-693a00109075.jpe",754,503,false],"thumbnail":["https:\/\/dev.tokset.com\/wp-content\/uploads\/aeaec750-c0dd-452b-b580-693a00109075.jpe",150,100,false],"medium":["https:\/\/dev.tokset.com\/wp-content\/uploads\/aeaec750-c0dd-452b-b580-693a00109075.jpe",300,200,false],"medium_large":["https:\/\/dev.tokset.com\/wp-content\/uploads\/aeaec750-c0dd-452b-b580-693a00109075.jpe",754,503,false],"large":["https:\/\/dev.tokset.com\/wp-content\/uploads\/aeaec750-c0dd-452b-b580-693a00109075.jpe",754,503,false],"1536x1536":["https:\/\/dev.tokset.com\/wp-content\/uploads\/aeaec750-c0dd-452b-b580-693a00109075.jpe",754,503,false],"2048x2048":["https:\/\/dev.tokset.com\/wp-content\/uploads\/aeaec750-c0dd-452b-b580-693a00109075.jpe",754,503,false],"sidebar-featured":["https:\/\/dev.tokset.com\/wp-content\/uploads\/aeaec750-c0dd-452b-b580-693a00109075.jpe",75,50,false],"genesis-singular-images":["https:\/\/dev.tokset.com\/wp-content\/uploads\/aeaec750-c0dd-452b-b580-693a00109075.jpe",720,480,false],"woocommerce_thumbnail":["https:\/\/dev.tokset.com\/wp-content\/uploads\/aeaec750-c0dd-452b-b580-693a00109075-500x334.jpe",500,334,true],"woocommerce_single":["https:\/\/dev.tokset.com\/wp-content\/uploads\/aeaec750-c0dd-452b-b580-693a00109075-655x437.jpe",655,437,true],"woocommerce_gallery_thumbnail":["https:\/\/dev.tokset.com\/wp-content\/uploads\/aeaec750-c0dd-452b-b580-693a00109075-180x180.jpe",180,180,true]},"uagb_author_info":{"display_name":"Tokset Oy","author_link":"https:\/\/dev.tokset.com\/en\/author\/"},"uagb_comment_info":0,"uagb_excerpt":"Hooligan resistant bench.","_links":{"self":[{"href":"https:\/\/dev.tokset.com\/en\/wp-json\/wp\/v2\/product\/1209","targetHints":{"allow":["GET"]}}],"collection":[{"href":"https:\/\/dev.tokset.com\/en\/wp-json\/wp\/v2\/product"}],"about":[{"href":"https:\/\/dev.tokset.com\/en\/wp-json\/wp\/v2\/types\/product"}],"wp:featuredmedia":[{"embeddable":true,"href":"https:\/\/dev.tokset.com\/en\/wp-json\/wp\/v2\/media\/818"}],"wp:attachment":[{"href":"https:\/\/dev.tokset.com\/en\/wp-json\/wp\/v2\/media?parent=1209"}],"wp:term":[{"taxonomy":"product_brand","embeddable":true,"href":"https:\/\/dev.tokset.com\/en\/wp-json\/wp\/v2\/product_brand?post=1209"},{"taxonomy":"product_cat","embeddable":true,"href":"https:\/\/dev.tokset.com\/en\/wp-json\/wp\/v2\/product_cat?post=1209"},{"taxonomy":"product_tag","embeddable":true,"href":"https:\/\/dev.tokset.com\/en\/wp-json\/wp\/v2\/product_tag?post=1209"}],"curies":[{"name":"wp","href":"https:\/\/api.w.org\/{rel}","templated":true}]}}