{"id":1257,"date":"2016-04-18T21:45:04","date_gmt":"2016-04-18T18:45:04","guid":{"rendered":"https:\/\/dev.tokset.com\/\/tuotteet\/Ei-luokiteltu\/safe-bin-m-30l-m2\/"},"modified":"2017-01-10T13:11:12","modified_gmt":"2017-01-10T11:11:12","slug":"safe-bin-m-30l-m2","status":"publish","type":"product","link":"https:\/\/dev.tokset.com\/en\/products\/waste-bins-powder-coated\/safe-bin-m-30l-m2\/","title":{"rendered":"Safe Bin M 30l M2"},"content":{"rendered":"<p>Technical data:<\/p>\n<ul>\n<li>Code: 30-900M2<\/li>\n<li>Lenght: 900 mm<\/li>\n<li>Width: 420 mm<\/li>\n<li>Weight: 20 kg<\/li>\n<li>Volume: 30 l<\/li>\n<li>Color: all RAL- Colours<\/li>\n<\/ul>\n","protected":false},"excerpt":{"rendered":"<p>Safe Bin Combi M<br \/>\ngalvanized steel, painted in all RAL colours, steel foot C2 for direct mounting to floor or to anchor C5, free standing, inner bin volume 30 L, good design, solid construction, fire safety features separate Safe tray (89 x 600mm) for cigarettes, triangluar lock and key, inner bin of marine aluminium for safe and easy emptying<\/p>\n","protected":false},"featured_media":371,"template":"","meta":{"_uag_custom_page_level_css":"","_genesis_hide_title":false,"_genesis_hide_breadcrumbs":false,"_genesis_hide_singular_image":false,"_genesis_hide_footer_widgets":false,"_genesis_custom_body_class":"","_genesis_custom_post_class":"","_genesis_layout":"","ngg_post_thumbnail":0},"product_brand":[],"product_cat":[24],"product_tag":[],"class_list":{"0":"post-1257","1":"product","2":"type-product","3":"status-publish","4":"has-post-thumbnail","6":"product_cat-waste-bins-powder-coated","7":"entry","9":"first","10":"instock","11":"shipping-taxable","12":"product-type-simple"},"yoast_head":"<!-- This site is optimized with the Yoast SEO plugin v24.3 - https:\/\/yoast.com\/wordpress\/plugins\/seo\/ -->\n<title>Safe Bin M 30l M2 | Tokset Oy on kotimanen valmistaja<\/title>\n<meta name=\"description\" content=\"Maalatut roska-astiat ovat pulverimaalattu UV-s\u00e4teilyn- ja s\u00e4\u00e4n kest\u00e4viksi. Paloturvalliset kest\u00e4v\u00e4t roska-astiat sis\u00e4- ja ulkotiloihin.\" \/>\n<meta name=\"robots\" content=\"index, follow, max-snippet:-1, max-image-preview:large, max-video-preview:-1\" \/>\n<link rel=\"canonical\" href=\"https:\/\/dev.tokset.com\/en\/products\/waste-bins-powder-coated\/safe-bin-m-30l-m2\/\" \/>\n<meta property=\"og:locale\" content=\"en_US\" \/>\n<meta property=\"og:type\" content=\"article\" \/>\n<meta property=\"og:title\" content=\"Safe Bin M 30l M2 | Tokset Oy on kotimanen valmistaja\" \/>\n<meta property=\"og:description\" content=\"Maalatut roska-astiat ovat pulverimaalattu UV-s\u00e4teilyn- ja s\u00e4\u00e4n kest\u00e4viksi. Paloturvalliset kest\u00e4v\u00e4t roska-astiat sis\u00e4- ja ulkotiloihin.\" \/>\n<meta property=\"og:url\" content=\"https:\/\/dev.tokset.com\/en\/products\/waste-bins-powder-coated\/safe-bin-m-30l-m2\/\" \/>\n<meta property=\"og:site_name\" content=\"Tokset Oy\" \/>\n<meta property=\"article:modified_time\" content=\"2017-01-10T11:11:12+00:00\" \/>\n<meta property=\"og:image\" content=\"https:\/\/dev.tokset.com\/wp-content\/uploads\/30-900M2.jpg\" \/>\n\t<meta property=\"og:image:width\" content=\"130\" \/>\n\t<meta property=\"og:image:height\" content=\"300\" \/>\n\t<meta property=\"og:image:type\" content=\"image\/jpeg\" \/>\n<meta name=\"twitter:card\" content=\"summary_large_image\" \/>\n<script type=\"application\/ld+json\" class=\"yoast-schema-graph\">{\"@context\":\"https:\/\/schema.org\",\"@graph\":[{\"@type\":\"WebPage\",\"@id\":\"https:\/\/dev.tokset.com\/en\/products\/waste-bins-powder-coated\/safe-bin-m-30l-m2\/\",\"url\":\"https:\/\/dev.tokset.com\/en\/products\/waste-bins-powder-coated\/safe-bin-m-30l-m2\/\",\"name\":\"Safe Bin M 30l M2 | Tokset Oy on kotimanen valmistaja\",\"isPartOf\":{\"@id\":\"https:\/\/dev.tokset.com\/#website\"},\"primaryImageOfPage\":{\"@id\":\"https:\/\/dev.tokset.com\/en\/products\/waste-bins-powder-coated\/safe-bin-m-30l-m2\/#primaryimage\"},\"image\":{\"@id\":\"https:\/\/dev.tokset.com\/en\/products\/waste-bins-powder-coated\/safe-bin-m-30l-m2\/#primaryimage\"},\"thumbnailUrl\":\"https:\/\/dev.tokset.com\/wp-content\/uploads\/30-900M2.jpg\",\"datePublished\":\"2016-04-18T18:45:04+00:00\",\"dateModified\":\"2017-01-10T11:11:12+00:00\",\"description\":\"Maalatut roska-astiat ovat pulverimaalattu UV-s\u00e4teilyn- ja s\u00e4\u00e4n kest\u00e4viksi. Paloturvalliset kest\u00e4v\u00e4t roska-astiat sis\u00e4- ja ulkotiloihin.\",\"breadcrumb\":{\"@id\":\"https:\/\/dev.tokset.com\/en\/products\/waste-bins-powder-coated\/safe-bin-m-30l-m2\/#breadcrumb\"},\"inLanguage\":\"en-US\",\"potentialAction\":[{\"@type\":\"ReadAction\",\"target\":[\"https:\/\/dev.tokset.com\/en\/products\/waste-bins-powder-coated\/safe-bin-m-30l-m2\/\"]}]},{\"@type\":\"ImageObject\",\"inLanguage\":\"en-US\",\"@id\":\"https:\/\/dev.tokset.com\/en\/products\/waste-bins-powder-coated\/safe-bin-m-30l-m2\/#primaryimage\",\"url\":\"https:\/\/dev.tokset.com\/wp-content\/uploads\/30-900M2.jpg\",\"contentUrl\":\"https:\/\/dev.tokset.com\/wp-content\/uploads\/30-900M2.jpg\",\"width\":130,\"height\":300,\"caption\":\"Roska-astia 30 litraa\"},{\"@type\":\"BreadcrumbList\",\"@id\":\"https:\/\/dev.tokset.com\/en\/products\/waste-bins-powder-coated\/safe-bin-m-30l-m2\/#breadcrumb\",\"itemListElement\":[{\"@type\":\"ListItem\",\"position\":1,\"name\":\"Etusivu\",\"item\":\"https:\/\/dev.tokset.com\/en\/front-page\/\"},{\"@type\":\"ListItem\",\"position\":2,\"name\":\"PRODUCTS\",\"item\":\"https:\/\/dev.tokset.com\/en\/products\/\"},{\"@type\":\"ListItem\",\"position\":3,\"name\":\"Safe Bin M 30l M2\"}]},{\"@type\":\"WebSite\",\"@id\":\"https:\/\/dev.tokset.com\/#website\",\"url\":\"https:\/\/dev.tokset.com\/\",\"name\":\"Tokset Oy\",\"description\":\"Paloturvalliset tuhka- ja roska-astiat\",\"publisher\":{\"@id\":\"https:\/\/dev.tokset.com\/#organization\"},\"potentialAction\":[{\"@type\":\"SearchAction\",\"target\":{\"@type\":\"EntryPoint\",\"urlTemplate\":\"https:\/\/dev.tokset.com\/?s={search_term_string}\"},\"query-input\":{\"@type\":\"PropertyValueSpecification\",\"valueRequired\":true,\"valueName\":\"search_term_string\"}}],\"inLanguage\":\"en-US\"},{\"@type\":\"Organization\",\"@id\":\"https:\/\/dev.tokset.com\/#organization\",\"name\":\"Tokset Oy\",\"url\":\"https:\/\/dev.tokset.com\/\",\"logo\":{\"@type\":\"ImageObject\",\"inLanguage\":\"en-US\",\"@id\":\"https:\/\/dev.tokset.com\/#\/schema\/logo\/image\/\",\"url\":\"https:\/\/dev.tokset.com\/wp-content\/uploads\/toksetlogo_musta-1.png\",\"contentUrl\":\"https:\/\/dev.tokset.com\/wp-content\/uploads\/toksetlogo_musta-1.png\",\"width\":649,\"height\":222,\"caption\":\"Tokset Oy\"},\"image\":{\"@id\":\"https:\/\/dev.tokset.com\/#\/schema\/logo\/image\/\"}}]}<\/script>\n<!-- \/ Yoast SEO plugin. -->","yoast_head_json":{"title":"Safe Bin M 30l M2 | Tokset Oy on kotimanen valmistaja","description":"Maalatut roska-astiat ovat pulverimaalattu UV-s\u00e4teilyn- ja s\u00e4\u00e4n kest\u00e4viksi. Paloturvalliset kest\u00e4v\u00e4t roska-astiat sis\u00e4- ja ulkotiloihin.","robots":{"index":"index","follow":"follow","max-snippet":"max-snippet:-1","max-image-preview":"max-image-preview:large","max-video-preview":"max-video-preview:-1"},"canonical":"https:\/\/dev.tokset.com\/en\/products\/waste-bins-powder-coated\/safe-bin-m-30l-m2\/","og_locale":"en_US","og_type":"article","og_title":"Safe Bin M 30l M2 | Tokset Oy on kotimanen valmistaja","og_description":"Maalatut roska-astiat ovat pulverimaalattu UV-s\u00e4teilyn- ja s\u00e4\u00e4n kest\u00e4viksi. Paloturvalliset kest\u00e4v\u00e4t roska-astiat sis\u00e4- ja ulkotiloihin.","og_url":"https:\/\/dev.tokset.com\/en\/products\/waste-bins-powder-coated\/safe-bin-m-30l-m2\/","og_site_name":"Tokset Oy","article_modified_time":"2017-01-10T11:11:12+00:00","og_image":[{"width":130,"height":300,"url":"https:\/\/dev.tokset.com\/wp-content\/uploads\/30-900M2.jpg","type":"image\/jpeg"}],"twitter_card":"summary_large_image","schema":{"@context":"https:\/\/schema.org","@graph":[{"@type":"WebPage","@id":"https:\/\/dev.tokset.com\/en\/products\/waste-bins-powder-coated\/safe-bin-m-30l-m2\/","url":"https:\/\/dev.tokset.com\/en\/products\/waste-bins-powder-coated\/safe-bin-m-30l-m2\/","name":"Safe Bin M 30l M2 | Tokset Oy on kotimanen valmistaja","isPartOf":{"@id":"https:\/\/dev.tokset.com\/#website"},"primaryImageOfPage":{"@id":"https:\/\/dev.tokset.com\/en\/products\/waste-bins-powder-coated\/safe-bin-m-30l-m2\/#primaryimage"},"image":{"@id":"https:\/\/dev.tokset.com\/en\/products\/waste-bins-powder-coated\/safe-bin-m-30l-m2\/#primaryimage"},"thumbnailUrl":"https:\/\/dev.tokset.com\/wp-content\/uploads\/30-900M2.jpg","datePublished":"2016-04-18T18:45:04+00:00","dateModified":"2017-01-10T11:11:12+00:00","description":"Maalatut roska-astiat ovat pulverimaalattu UV-s\u00e4teilyn- ja s\u00e4\u00e4n kest\u00e4viksi. Paloturvalliset kest\u00e4v\u00e4t roska-astiat sis\u00e4- ja ulkotiloihin.","breadcrumb":{"@id":"https:\/\/dev.tokset.com\/en\/products\/waste-bins-powder-coated\/safe-bin-m-30l-m2\/#breadcrumb"},"inLanguage":"en-US","potentialAction":[{"@type":"ReadAction","target":["https:\/\/dev.tokset.com\/en\/products\/waste-bins-powder-coated\/safe-bin-m-30l-m2\/"]}]},{"@type":"ImageObject","inLanguage":"en-US","@id":"https:\/\/dev.tokset.com\/en\/products\/waste-bins-powder-coated\/safe-bin-m-30l-m2\/#primaryimage","url":"https:\/\/dev.tokset.com\/wp-content\/uploads\/30-900M2.jpg","contentUrl":"https:\/\/dev.tokset.com\/wp-content\/uploads\/30-900M2.jpg","width":130,"height":300,"caption":"Roska-astia 30 litraa"},{"@type":"BreadcrumbList","@id":"https:\/\/dev.tokset.com\/en\/products\/waste-bins-powder-coated\/safe-bin-m-30l-m2\/#breadcrumb","itemListElement":[{"@type":"ListItem","position":1,"name":"Etusivu","item":"https:\/\/dev.tokset.com\/en\/front-page\/"},{"@type":"ListItem","position":2,"name":"PRODUCTS","item":"https:\/\/dev.tokset.com\/en\/products\/"},{"@type":"ListItem","position":3,"name":"Safe Bin M 30l M2"}]},{"@type":"WebSite","@id":"https:\/\/dev.tokset.com\/#website","url":"https:\/\/dev.tokset.com\/","name":"Tokset Oy","description":"Paloturvalliset tuhka- ja roska-astiat","publisher":{"@id":"https:\/\/dev.tokset.com\/#organization"},"potentialAction":[{"@type":"SearchAction","target":{"@type":"EntryPoint","urlTemplate":"https:\/\/dev.tokset.com\/?s={search_term_string}"},"query-input":{"@type":"PropertyValueSpecification","valueRequired":true,"valueName":"search_term_string"}}],"inLanguage":"en-US"},{"@type":"Organization","@id":"https:\/\/dev.tokset.com\/#organization","name":"Tokset Oy","url":"https:\/\/dev.tokset.com\/","logo":{"@type":"ImageObject","inLanguage":"en-US","@id":"https:\/\/dev.tokset.com\/#\/schema\/logo\/image\/","url":"https:\/\/dev.tokset.com\/wp-content\/uploads\/toksetlogo_musta-1.png","contentUrl":"https:\/\/dev.tokset.com\/wp-content\/uploads\/toksetlogo_musta-1.png","width":649,"height":222,"caption":"Tokset Oy"},"image":{"@id":"https:\/\/dev.tokset.com\/#\/schema\/logo\/image\/"}}]}},"uagb_featured_image_src":{"full":["https:\/\/dev.tokset.com\/wp-content\/uploads\/30-900M2.jpg",130,300,false],"thumbnail":["https:\/\/dev.tokset.com\/wp-content\/uploads\/30-900M2.jpg",65,150,false],"medium":["https:\/\/dev.tokset.com\/wp-content\/uploads\/30-900M2.jpg",130,300,false],"medium_large":["https:\/\/dev.tokset.com\/wp-content\/uploads\/30-900M2.jpg",130,300,false],"large":["https:\/\/dev.tokset.com\/wp-content\/uploads\/30-900M2.jpg",130,300,false],"1536x1536":["https:\/\/dev.tokset.com\/wp-content\/uploads\/30-900M2.jpg",130,300,false],"2048x2048":["https:\/\/dev.tokset.com\/wp-content\/uploads\/30-900M2.jpg",130,300,false],"sidebar-featured":["https:\/\/dev.tokset.com\/wp-content\/uploads\/30-900M2.jpg",33,75,false],"genesis-singular-images":["https:\/\/dev.tokset.com\/wp-content\/uploads\/30-900M2.jpg",130,300,false],"woocommerce_thumbnail":["https:\/\/dev.tokset.com\/wp-content\/uploads\/30-900M2.jpg",130,300,false],"woocommerce_single":["https:\/\/dev.tokset.com\/wp-content\/uploads\/30-900M2.jpg",130,300,false],"woocommerce_gallery_thumbnail":["https:\/\/dev.tokset.com\/wp-content\/uploads\/30-900M2-130x180.jpg",130,180,true]},"uagb_author_info":{"display_name":"Tokset Oy","author_link":"https:\/\/dev.tokset.com\/en\/author\/"},"uagb_comment_info":0,"uagb_excerpt":"Safe Bin Combi M galvanized steel, painted in all RAL colours, steel foot C2 for direct mounting to floor or to anchor C5, free standing, inner bin volume 30 L, good design, solid construction, fire safety features separate Safe tray (89 x 600mm) for cigarettes, triangluar lock and key, inner bin of marine aluminium for&hellip;","_links":{"self":[{"href":"https:\/\/dev.tokset.com\/en\/wp-json\/wp\/v2\/product\/1257","targetHints":{"allow":["GET"]}}],"collection":[{"href":"https:\/\/dev.tokset.com\/en\/wp-json\/wp\/v2\/product"}],"about":[{"href":"https:\/\/dev.tokset.com\/en\/wp-json\/wp\/v2\/types\/product"}],"wp:featuredmedia":[{"embeddable":true,"href":"https:\/\/dev.tokset.com\/en\/wp-json\/wp\/v2\/media\/371"}],"wp:attachment":[{"href":"https:\/\/dev.tokset.com\/en\/wp-json\/wp\/v2\/media?parent=1257"}],"wp:term":[{"taxonomy":"product_brand","embeddable":true,"href":"https:\/\/dev.tokset.com\/en\/wp-json\/wp\/v2\/product_brand?post=1257"},{"taxonomy":"product_cat","embeddable":true,"href":"https:\/\/dev.tokset.com\/en\/wp-json\/wp\/v2\/product_cat?post=1257"},{"taxonomy":"product_tag","embeddable":true,"href":"https:\/\/dev.tokset.com\/en\/wp-json\/wp\/v2\/product_tag?post=1257"}],"curies":[{"name":"wp","href":"https:\/\/api.w.org\/{rel}","templated":true}]}}