{"id":331,"date":"2014-05-11T13:37:08","date_gmt":"2014-05-11T10:37:08","guid":{"rendered":"https:\/\/dev.tokset.com\/\/product\/turvatuhkis-xl-2\/?lang=en"},"modified":"2016-11-16T18:08:32","modified_gmt":"2016-11-16T16:08:32","slug":"turvatuhkis-xl-2","status":"publish","type":"product","link":"https:\/\/dev.tokset.com\/en\/products\/ash-containers-stainless\/turvatuhkis-xl-2\/","title":{"rendered":"Safe tray XL K2"},"content":{"rendered":"<p>Technical data:<br \/>\nCode: 114-900K2<br \/>\nLenght: 900 mm<br \/>\nWidth: 114 mm<br \/>\nWeight: 17 kg<br \/>\nVolume: 6,2 l<br \/>\nColor: Polished<\/p>\n","protected":false},"excerpt":{"rendered":"<p>Safe tray XL<br \/>\nstainless steel foot C2 for mounting direct to floor or to anchor weight C5, free standing, triangular key and lock, exstinguishing rod, inner pipe reduces oxygen flow and prohibits smoke, emptying from top, inner bin (6,2 liters) of stainless steel with hinged bottom lid, easy and safe to empty.<\/p>\n","protected":false},"featured_media":332,"template":"","meta":{"_uag_custom_page_level_css":"","_genesis_hide_title":false,"_genesis_hide_breadcrumbs":false,"_genesis_hide_singular_image":false,"_genesis_hide_footer_widgets":false,"_genesis_custom_body_class":"","_genesis_custom_post_class":"","_genesis_layout":"","ngg_post_thumbnail":0},"product_brand":[],"product_cat":[25],"product_tag":[],"class_list":{"0":"post-331","1":"product","2":"type-product","3":"status-publish","4":"has-post-thumbnail","6":"product_cat-ash-containers-stainless","7":"entry","9":"first","10":"instock","11":"shipping-taxable","12":"product-type-simple"},"yoast_head":"<!-- This site is optimized with the Yoast SEO plugin v24.3 - https:\/\/yoast.com\/wordpress\/plugins\/seo\/ -->\n<title>Safe tray XL K2 | Tokset Oy on kotimainen valmistaja<\/title>\n<meta name=\"description\" content=\"Laadukkaasta materiaalista valmistetut paloturvalliset tuhka-astiat. Tutustu tuotteisiimme ja ota yhteytt\u00e4! Kest\u00e4v\u00e4t tuhka-astiat sis\u00e4- ja ulkotiloihin.\" \/>\n<meta name=\"robots\" content=\"index, follow, max-snippet:-1, max-image-preview:large, max-video-preview:-1\" \/>\n<link rel=\"canonical\" href=\"https:\/\/dev.tokset.com\/en\/products\/ash-containers-stainless\/turvatuhkis-xl-2\/\" \/>\n<meta property=\"og:locale\" content=\"en_US\" \/>\n<meta property=\"og:type\" content=\"article\" \/>\n<meta property=\"og:title\" content=\"Safe tray XL K2 | Tokset Oy on kotimainen valmistaja\" \/>\n<meta property=\"og:description\" content=\"Laadukkaasta materiaalista valmistetut paloturvalliset tuhka-astiat. Tutustu tuotteisiimme ja ota yhteytt\u00e4! Kest\u00e4v\u00e4t tuhka-astiat sis\u00e4- ja ulkotiloihin.\" \/>\n<meta property=\"og:url\" content=\"https:\/\/dev.tokset.com\/en\/products\/ash-containers-stainless\/turvatuhkis-xl-2\/\" \/>\n<meta property=\"og:site_name\" content=\"Tokset Oy\" \/>\n<meta property=\"article:modified_time\" content=\"2016-11-16T16:08:32+00:00\" \/>\n<meta property=\"og:image\" content=\"https:\/\/dev.tokset.com\/wp-content\/uploads\/114-900K2.jpg\" \/>\n\t<meta property=\"og:image:width\" content=\"128\" \/>\n\t<meta property=\"og:image:height\" content=\"300\" \/>\n\t<meta property=\"og:image:type\" content=\"image\/jpeg\" \/>\n<meta name=\"twitter:card\" content=\"summary_large_image\" \/>\n<script type=\"application\/ld+json\" class=\"yoast-schema-graph\">{\"@context\":\"https:\/\/schema.org\",\"@graph\":[{\"@type\":\"WebPage\",\"@id\":\"https:\/\/dev.tokset.com\/en\/products\/ash-containers-stainless\/turvatuhkis-xl-2\/\",\"url\":\"https:\/\/dev.tokset.com\/en\/products\/ash-containers-stainless\/turvatuhkis-xl-2\/\",\"name\":\"Safe tray XL K2 | Tokset Oy on kotimainen valmistaja\",\"isPartOf\":{\"@id\":\"https:\/\/dev.tokset.com\/#website\"},\"primaryImageOfPage\":{\"@id\":\"https:\/\/dev.tokset.com\/en\/products\/ash-containers-stainless\/turvatuhkis-xl-2\/#primaryimage\"},\"image\":{\"@id\":\"https:\/\/dev.tokset.com\/en\/products\/ash-containers-stainless\/turvatuhkis-xl-2\/#primaryimage\"},\"thumbnailUrl\":\"https:\/\/dev.tokset.com\/wp-content\/uploads\/114-900K2.jpg\",\"datePublished\":\"2014-05-11T10:37:08+00:00\",\"dateModified\":\"2016-11-16T16:08:32+00:00\",\"description\":\"Laadukkaasta materiaalista valmistetut paloturvalliset tuhka-astiat. Tutustu tuotteisiimme ja ota yhteytt\u00e4! Kest\u00e4v\u00e4t tuhka-astiat sis\u00e4- ja ulkotiloihin.\",\"breadcrumb\":{\"@id\":\"https:\/\/dev.tokset.com\/en\/products\/ash-containers-stainless\/turvatuhkis-xl-2\/#breadcrumb\"},\"inLanguage\":\"en-US\",\"potentialAction\":[{\"@type\":\"ReadAction\",\"target\":[\"https:\/\/dev.tokset.com\/en\/products\/ash-containers-stainless\/turvatuhkis-xl-2\/\"]}]},{\"@type\":\"ImageObject\",\"inLanguage\":\"en-US\",\"@id\":\"https:\/\/dev.tokset.com\/en\/products\/ash-containers-stainless\/turvatuhkis-xl-2\/#primaryimage\",\"url\":\"https:\/\/dev.tokset.com\/wp-content\/uploads\/114-900K2.jpg\",\"contentUrl\":\"https:\/\/dev.tokset.com\/wp-content\/uploads\/114-900K2.jpg\",\"width\":128,\"height\":300,\"caption\":\"Tuhka-astia XL K2\"},{\"@type\":\"BreadcrumbList\",\"@id\":\"https:\/\/dev.tokset.com\/en\/products\/ash-containers-stainless\/turvatuhkis-xl-2\/#breadcrumb\",\"itemListElement\":[{\"@type\":\"ListItem\",\"position\":1,\"name\":\"Etusivu\",\"item\":\"https:\/\/dev.tokset.com\/en\/front-page\/\"},{\"@type\":\"ListItem\",\"position\":2,\"name\":\"PRODUCTS\",\"item\":\"https:\/\/dev.tokset.com\/en\/products\/\"},{\"@type\":\"ListItem\",\"position\":3,\"name\":\"Safe tray XL K2\"}]},{\"@type\":\"WebSite\",\"@id\":\"https:\/\/dev.tokset.com\/#website\",\"url\":\"https:\/\/dev.tokset.com\/\",\"name\":\"Tokset Oy\",\"description\":\"Paloturvalliset tuhka- ja roska-astiat\",\"publisher\":{\"@id\":\"https:\/\/dev.tokset.com\/#organization\"},\"potentialAction\":[{\"@type\":\"SearchAction\",\"target\":{\"@type\":\"EntryPoint\",\"urlTemplate\":\"https:\/\/dev.tokset.com\/?s={search_term_string}\"},\"query-input\":{\"@type\":\"PropertyValueSpecification\",\"valueRequired\":true,\"valueName\":\"search_term_string\"}}],\"inLanguage\":\"en-US\"},{\"@type\":\"Organization\",\"@id\":\"https:\/\/dev.tokset.com\/#organization\",\"name\":\"Tokset Oy\",\"url\":\"https:\/\/dev.tokset.com\/\",\"logo\":{\"@type\":\"ImageObject\",\"inLanguage\":\"en-US\",\"@id\":\"https:\/\/dev.tokset.com\/#\/schema\/logo\/image\/\",\"url\":\"https:\/\/dev.tokset.com\/wp-content\/uploads\/toksetlogo_musta-1.png\",\"contentUrl\":\"https:\/\/dev.tokset.com\/wp-content\/uploads\/toksetlogo_musta-1.png\",\"width\":649,\"height\":222,\"caption\":\"Tokset Oy\"},\"image\":{\"@id\":\"https:\/\/dev.tokset.com\/#\/schema\/logo\/image\/\"}}]}<\/script>\n<!-- \/ Yoast SEO plugin. -->","yoast_head_json":{"title":"Safe tray XL K2 | Tokset Oy on kotimainen valmistaja","description":"Laadukkaasta materiaalista valmistetut paloturvalliset tuhka-astiat. Tutustu tuotteisiimme ja ota yhteytt\u00e4! Kest\u00e4v\u00e4t tuhka-astiat sis\u00e4- ja ulkotiloihin.","robots":{"index":"index","follow":"follow","max-snippet":"max-snippet:-1","max-image-preview":"max-image-preview:large","max-video-preview":"max-video-preview:-1"},"canonical":"https:\/\/dev.tokset.com\/en\/products\/ash-containers-stainless\/turvatuhkis-xl-2\/","og_locale":"en_US","og_type":"article","og_title":"Safe tray XL K2 | Tokset Oy on kotimainen valmistaja","og_description":"Laadukkaasta materiaalista valmistetut paloturvalliset tuhka-astiat. Tutustu tuotteisiimme ja ota yhteytt\u00e4! Kest\u00e4v\u00e4t tuhka-astiat sis\u00e4- ja ulkotiloihin.","og_url":"https:\/\/dev.tokset.com\/en\/products\/ash-containers-stainless\/turvatuhkis-xl-2\/","og_site_name":"Tokset Oy","article_modified_time":"2016-11-16T16:08:32+00:00","og_image":[{"width":128,"height":300,"url":"https:\/\/dev.tokset.com\/wp-content\/uploads\/114-900K2.jpg","type":"image\/jpeg"}],"twitter_card":"summary_large_image","schema":{"@context":"https:\/\/schema.org","@graph":[{"@type":"WebPage","@id":"https:\/\/dev.tokset.com\/en\/products\/ash-containers-stainless\/turvatuhkis-xl-2\/","url":"https:\/\/dev.tokset.com\/en\/products\/ash-containers-stainless\/turvatuhkis-xl-2\/","name":"Safe tray XL K2 | Tokset Oy on kotimainen valmistaja","isPartOf":{"@id":"https:\/\/dev.tokset.com\/#website"},"primaryImageOfPage":{"@id":"https:\/\/dev.tokset.com\/en\/products\/ash-containers-stainless\/turvatuhkis-xl-2\/#primaryimage"},"image":{"@id":"https:\/\/dev.tokset.com\/en\/products\/ash-containers-stainless\/turvatuhkis-xl-2\/#primaryimage"},"thumbnailUrl":"https:\/\/dev.tokset.com\/wp-content\/uploads\/114-900K2.jpg","datePublished":"2014-05-11T10:37:08+00:00","dateModified":"2016-11-16T16:08:32+00:00","description":"Laadukkaasta materiaalista valmistetut paloturvalliset tuhka-astiat. Tutustu tuotteisiimme ja ota yhteytt\u00e4! Kest\u00e4v\u00e4t tuhka-astiat sis\u00e4- ja ulkotiloihin.","breadcrumb":{"@id":"https:\/\/dev.tokset.com\/en\/products\/ash-containers-stainless\/turvatuhkis-xl-2\/#breadcrumb"},"inLanguage":"en-US","potentialAction":[{"@type":"ReadAction","target":["https:\/\/dev.tokset.com\/en\/products\/ash-containers-stainless\/turvatuhkis-xl-2\/"]}]},{"@type":"ImageObject","inLanguage":"en-US","@id":"https:\/\/dev.tokset.com\/en\/products\/ash-containers-stainless\/turvatuhkis-xl-2\/#primaryimage","url":"https:\/\/dev.tokset.com\/wp-content\/uploads\/114-900K2.jpg","contentUrl":"https:\/\/dev.tokset.com\/wp-content\/uploads\/114-900K2.jpg","width":128,"height":300,"caption":"Tuhka-astia XL K2"},{"@type":"BreadcrumbList","@id":"https:\/\/dev.tokset.com\/en\/products\/ash-containers-stainless\/turvatuhkis-xl-2\/#breadcrumb","itemListElement":[{"@type":"ListItem","position":1,"name":"Etusivu","item":"https:\/\/dev.tokset.com\/en\/front-page\/"},{"@type":"ListItem","position":2,"name":"PRODUCTS","item":"https:\/\/dev.tokset.com\/en\/products\/"},{"@type":"ListItem","position":3,"name":"Safe tray XL K2"}]},{"@type":"WebSite","@id":"https:\/\/dev.tokset.com\/#website","url":"https:\/\/dev.tokset.com\/","name":"Tokset Oy","description":"Paloturvalliset tuhka- ja roska-astiat","publisher":{"@id":"https:\/\/dev.tokset.com\/#organization"},"potentialAction":[{"@type":"SearchAction","target":{"@type":"EntryPoint","urlTemplate":"https:\/\/dev.tokset.com\/?s={search_term_string}"},"query-input":{"@type":"PropertyValueSpecification","valueRequired":true,"valueName":"search_term_string"}}],"inLanguage":"en-US"},{"@type":"Organization","@id":"https:\/\/dev.tokset.com\/#organization","name":"Tokset Oy","url":"https:\/\/dev.tokset.com\/","logo":{"@type":"ImageObject","inLanguage":"en-US","@id":"https:\/\/dev.tokset.com\/#\/schema\/logo\/image\/","url":"https:\/\/dev.tokset.com\/wp-content\/uploads\/toksetlogo_musta-1.png","contentUrl":"https:\/\/dev.tokset.com\/wp-content\/uploads\/toksetlogo_musta-1.png","width":649,"height":222,"caption":"Tokset Oy"},"image":{"@id":"https:\/\/dev.tokset.com\/#\/schema\/logo\/image\/"}}]}},"uagb_featured_image_src":{"full":["https:\/\/dev.tokset.com\/wp-content\/uploads\/114-900K2.jpg",128,300,false],"thumbnail":["https:\/\/dev.tokset.com\/wp-content\/uploads\/114-900K2.jpg",64,150,false],"medium":["https:\/\/dev.tokset.com\/wp-content\/uploads\/114-900K2.jpg",128,300,false],"medium_large":["https:\/\/dev.tokset.com\/wp-content\/uploads\/114-900K2.jpg",128,300,false],"large":["https:\/\/dev.tokset.com\/wp-content\/uploads\/114-900K2.jpg",128,300,false],"1536x1536":["https:\/\/dev.tokset.com\/wp-content\/uploads\/114-900K2.jpg",128,300,false],"2048x2048":["https:\/\/dev.tokset.com\/wp-content\/uploads\/114-900K2.jpg",128,300,false],"sidebar-featured":["https:\/\/dev.tokset.com\/wp-content\/uploads\/114-900K2.jpg",32,75,false],"genesis-singular-images":["https:\/\/dev.tokset.com\/wp-content\/uploads\/114-900K2.jpg",128,300,false],"woocommerce_thumbnail":["https:\/\/dev.tokset.com\/wp-content\/uploads\/114-900K2.jpg",128,300,false],"woocommerce_single":["https:\/\/dev.tokset.com\/wp-content\/uploads\/114-900K2.jpg",128,300,false],"woocommerce_gallery_thumbnail":["https:\/\/dev.tokset.com\/wp-content\/uploads\/114-900K2-128x180.jpg",128,180,true]},"uagb_author_info":{"display_name":"Tokset Oy","author_link":"https:\/\/dev.tokset.com\/en\/author\/"},"uagb_comment_info":0,"uagb_excerpt":"Safe tray XL stainless steel foot C2 for mounting direct to floor or to anchor weight C5, free standing, triangular key and lock, exstinguishing rod, inner pipe reduces oxygen flow and prohibits smoke, emptying from top, inner bin (6,2 liters) of stainless steel with hinged bottom lid, easy and safe to empty.","_links":{"self":[{"href":"https:\/\/dev.tokset.com\/en\/wp-json\/wp\/v2\/product\/331","targetHints":{"allow":["GET"]}}],"collection":[{"href":"https:\/\/dev.tokset.com\/en\/wp-json\/wp\/v2\/product"}],"about":[{"href":"https:\/\/dev.tokset.com\/en\/wp-json\/wp\/v2\/types\/product"}],"wp:featuredmedia":[{"embeddable":true,"href":"https:\/\/dev.tokset.com\/en\/wp-json\/wp\/v2\/media\/332"}],"wp:attachment":[{"href":"https:\/\/dev.tokset.com\/en\/wp-json\/wp\/v2\/media?parent=331"}],"wp:term":[{"taxonomy":"product_brand","embeddable":true,"href":"https:\/\/dev.tokset.com\/en\/wp-json\/wp\/v2\/product_brand?post=331"},{"taxonomy":"product_cat","embeddable":true,"href":"https:\/\/dev.tokset.com\/en\/wp-json\/wp\/v2\/product_cat?post=331"},{"taxonomy":"product_tag","embeddable":true,"href":"https:\/\/dev.tokset.com\/en\/wp-json\/wp\/v2\/product_tag?post=331"}],"curies":[{"name":"wp","href":"https:\/\/api.w.org\/{rel}","templated":true}]}}