{"id":384,"date":"2016-04-18T21:23:20","date_gmt":"2016-04-18T18:23:20","guid":{"rendered":"https:\/\/dev.tokset.com\/\/product\/turvatuhkis-m\/?lang=en"},"modified":"2016-12-20T13:00:30","modified_gmt":"2016-12-20T11:00:30","slug":"turvatuhkis-m","status":"publish","type":"product","link":"https:\/\/dev.tokset.com\/en\/products\/ash-containers-stainless\/turvatuhkis-m\/","title":{"rendered":"Safe Tray M"},"content":{"rendered":"<div class=\"gca-column one-half first\"><p>Technical data:<\/p>\n<ul>\n<li>Code: 89-300KS<\/li>\n<li>Lenght: 300,00 mm<\/li>\n<li>Width: 89 mm<\/li>\n<li>Weight: 1,3 kg<\/li>\n<li>Volume: 1,75 l<\/li>\n<li>Color: Polished<\/li>\n<\/ul><\/div><div class=\"gca-column one-half\"><img loading=\"lazy\" decoding=\"async\" width=\"300\" height=\"284\" class=\"alignnone size-medium wp-image-552\" alt=\"89-300KS_tech\" src=\"https:\/\/dev.tokset.com\/\/wp-content\/uploads\/89-300KS_tech-300x284.jpg\"><\/div>\n","protected":false},"excerpt":{"rendered":"<p><img loading=\"lazy\" decoding=\"async\" width=\"300\" height=\"176\" class=\"alignright size-medium wp-image-808\" alt=\"89-300KS\" src=\"https:\/\/dev.tokset.com\/\/wp-content\/uploads\/89-300KS-1-300x176.jpg\" srcset=\"https:\/\/dev.tokset.com\/wp-content\/uploads\/89-300KS-1-300x176.jpg 300w, https:\/\/dev.tokset.com\/wp-content\/uploads\/89-300KS-1-150x88.jpg 150w, https:\/\/dev.tokset.com\/wp-content\/uploads\/89-300KS-1.jpg 400w\" sizes=\"auto, (max-width: 300px) 100vw, 300px\" \/>Safe Tray M<br \/>\nwall mounted, tirangularlock and key, extinguishing rod, inner tube reduces oxygen flow and prevents smoke, measurements 89 x 300 mm, easy to empty by opening hinged bottom lid<\/p>\n","protected":false},"featured_media":385,"template":"","meta":{"_uag_custom_page_level_css":"","_genesis_hide_title":false,"_genesis_hide_breadcrumbs":false,"_genesis_hide_singular_image":false,"_genesis_hide_footer_widgets":false,"_genesis_custom_body_class":"","_genesis_custom_post_class":"","_genesis_layout":"","ngg_post_thumbnail":0},"product_brand":[],"product_cat":[25],"product_tag":[],"class_list":{"0":"post-384","1":"product","2":"type-product","3":"status-publish","4":"has-post-thumbnail","6":"product_cat-ash-containers-stainless","7":"entry","9":"first","10":"instock","11":"shipping-taxable","12":"product-type-simple"},"yoast_head":"<!-- This site is optimized with the Yoast SEO plugin v24.3 - https:\/\/yoast.com\/wordpress\/plugins\/seo\/ -->\n<title>Safe Tray M | Tokset Oy on kotimainen valmistaja<\/title>\n<meta name=\"description\" content=\"Tuhka-astia on kiillotettua ruostumatonta ter\u00e4st\u00e4, joka voidaan kiinnitt\u00e4\u00e4 sein\u00e4\u00e4n tai pylv\u00e4\u00e4seen. Savukkeen sammutusta varten tuhka-astiassa on sammutinrauta ja tuhka-astin tyhjennys alakautta kolmioavaimella on helppoa ja nopeaa.\" \/>\n<meta name=\"robots\" content=\"index, follow, max-snippet:-1, max-image-preview:large, max-video-preview:-1\" \/>\n<link rel=\"canonical\" href=\"https:\/\/tokset.com\/en\/products\/ash-containers-stainless\/turvatuhkis-m\/\" \/>\n<meta property=\"og:locale\" content=\"en_US\" \/>\n<meta property=\"og:type\" content=\"article\" \/>\n<meta property=\"og:title\" content=\"Safe Tray M | Tokset Oy on kotimainen valmistaja\" \/>\n<meta property=\"og:description\" content=\"Tuhka-astia on kiillotettua ruostumatonta ter\u00e4st\u00e4, joka voidaan kiinnitt\u00e4\u00e4 sein\u00e4\u00e4n tai pylv\u00e4\u00e4seen. Savukkeen sammutusta varten tuhka-astiassa on sammutinrauta ja tuhka-astin tyhjennys alakautta kolmioavaimella on helppoa ja nopeaa.\" \/>\n<meta property=\"og:url\" content=\"https:\/\/tokset.com\/en\/products\/ash-containers-stainless\/turvatuhkis-m\/\" \/>\n<meta property=\"og:site_name\" content=\"Tokset Oy\" \/>\n<meta property=\"article:modified_time\" content=\"2016-12-20T11:00:30+00:00\" \/>\n<meta property=\"og:image\" content=\"https:\/\/dev.tokset.com\/wp-content\/uploads\/89-300KS.jpg\" \/>\n\t<meta property=\"og:image:width\" content=\"120\" \/>\n\t<meta property=\"og:image:height\" content=\"300\" \/>\n\t<meta property=\"og:image:type\" content=\"image\/jpeg\" \/>\n<meta name=\"twitter:card\" content=\"summary_large_image\" \/>\n<script type=\"application\/ld+json\" class=\"yoast-schema-graph\">{\"@context\":\"https:\/\/schema.org\",\"@graph\":[{\"@type\":\"WebPage\",\"@id\":\"https:\/\/tokset.com\/en\/products\/ash-containers-stainless\/turvatuhkis-m\/\",\"url\":\"https:\/\/tokset.com\/en\/products\/ash-containers-stainless\/turvatuhkis-m\/\",\"name\":\"Safe Tray M | Tokset Oy on kotimainen valmistaja\",\"isPartOf\":{\"@id\":\"https:\/\/dev.tokset.com\/#website\"},\"primaryImageOfPage\":{\"@id\":\"https:\/\/tokset.com\/en\/products\/ash-containers-stainless\/turvatuhkis-m\/#primaryimage\"},\"image\":{\"@id\":\"https:\/\/tokset.com\/en\/products\/ash-containers-stainless\/turvatuhkis-m\/#primaryimage\"},\"thumbnailUrl\":\"https:\/\/dev.tokset.com\/wp-content\/uploads\/89-300KS.jpg\",\"datePublished\":\"2016-04-18T18:23:20+00:00\",\"dateModified\":\"2016-12-20T11:00:30+00:00\",\"description\":\"Tuhka-astia on kiillotettua ruostumatonta ter\u00e4st\u00e4, joka voidaan kiinnitt\u00e4\u00e4 sein\u00e4\u00e4n tai pylv\u00e4\u00e4seen. Savukkeen sammutusta varten tuhka-astiassa on sammutinrauta ja tuhka-astin tyhjennys alakautta kolmioavaimella on helppoa ja nopeaa.\",\"breadcrumb\":{\"@id\":\"https:\/\/tokset.com\/en\/products\/ash-containers-stainless\/turvatuhkis-m\/#breadcrumb\"},\"inLanguage\":\"en-US\",\"potentialAction\":[{\"@type\":\"ReadAction\",\"target\":[\"https:\/\/tokset.com\/en\/products\/ash-containers-stainless\/turvatuhkis-m\/\"]}]},{\"@type\":\"ImageObject\",\"inLanguage\":\"en-US\",\"@id\":\"https:\/\/tokset.com\/en\/products\/ash-containers-stainless\/turvatuhkis-m\/#primaryimage\",\"url\":\"https:\/\/dev.tokset.com\/wp-content\/uploads\/89-300KS.jpg\",\"contentUrl\":\"https:\/\/dev.tokset.com\/wp-content\/uploads\/89-300KS.jpg\",\"width\":120,\"height\":300,\"caption\":\"tuhka-astia M 300 mm\"},{\"@type\":\"BreadcrumbList\",\"@id\":\"https:\/\/tokset.com\/en\/products\/ash-containers-stainless\/turvatuhkis-m\/#breadcrumb\",\"itemListElement\":[{\"@type\":\"ListItem\",\"position\":1,\"name\":\"Etusivu\",\"item\":\"https:\/\/dev.tokset.com\/en\/front-page\/\"},{\"@type\":\"ListItem\",\"position\":2,\"name\":\"PRODUCTS\",\"item\":\"https:\/\/dev.tokset.com\/en\/products\/\"},{\"@type\":\"ListItem\",\"position\":3,\"name\":\"Safe Tray M\"}]},{\"@type\":\"WebSite\",\"@id\":\"https:\/\/dev.tokset.com\/#website\",\"url\":\"https:\/\/dev.tokset.com\/\",\"name\":\"Tokset Oy\",\"description\":\"Paloturvalliset tuhka- ja roska-astiat\",\"publisher\":{\"@id\":\"https:\/\/dev.tokset.com\/#organization\"},\"potentialAction\":[{\"@type\":\"SearchAction\",\"target\":{\"@type\":\"EntryPoint\",\"urlTemplate\":\"https:\/\/dev.tokset.com\/?s={search_term_string}\"},\"query-input\":{\"@type\":\"PropertyValueSpecification\",\"valueRequired\":true,\"valueName\":\"search_term_string\"}}],\"inLanguage\":\"en-US\"},{\"@type\":\"Organization\",\"@id\":\"https:\/\/dev.tokset.com\/#organization\",\"name\":\"Tokset Oy\",\"url\":\"https:\/\/dev.tokset.com\/\",\"logo\":{\"@type\":\"ImageObject\",\"inLanguage\":\"en-US\",\"@id\":\"https:\/\/dev.tokset.com\/#\/schema\/logo\/image\/\",\"url\":\"https:\/\/dev.tokset.com\/wp-content\/uploads\/toksetlogo_musta-1.png\",\"contentUrl\":\"https:\/\/dev.tokset.com\/wp-content\/uploads\/toksetlogo_musta-1.png\",\"width\":649,\"height\":222,\"caption\":\"Tokset Oy\"},\"image\":{\"@id\":\"https:\/\/dev.tokset.com\/#\/schema\/logo\/image\/\"}}]}<\/script>\n<!-- \/ Yoast SEO plugin. -->","yoast_head_json":{"title":"Safe Tray M | Tokset Oy on kotimainen valmistaja","description":"Tuhka-astia on kiillotettua ruostumatonta ter\u00e4st\u00e4, joka voidaan kiinnitt\u00e4\u00e4 sein\u00e4\u00e4n tai pylv\u00e4\u00e4seen. Savukkeen sammutusta varten tuhka-astiassa on sammutinrauta ja tuhka-astin tyhjennys alakautta kolmioavaimella on helppoa ja nopeaa.","robots":{"index":"index","follow":"follow","max-snippet":"max-snippet:-1","max-image-preview":"max-image-preview:large","max-video-preview":"max-video-preview:-1"},"canonical":"https:\/\/tokset.com\/en\/products\/ash-containers-stainless\/turvatuhkis-m\/","og_locale":"en_US","og_type":"article","og_title":"Safe Tray M | Tokset Oy on kotimainen valmistaja","og_description":"Tuhka-astia on kiillotettua ruostumatonta ter\u00e4st\u00e4, joka voidaan kiinnitt\u00e4\u00e4 sein\u00e4\u00e4n tai pylv\u00e4\u00e4seen. Savukkeen sammutusta varten tuhka-astiassa on sammutinrauta ja tuhka-astin tyhjennys alakautta kolmioavaimella on helppoa ja nopeaa.","og_url":"https:\/\/tokset.com\/en\/products\/ash-containers-stainless\/turvatuhkis-m\/","og_site_name":"Tokset Oy","article_modified_time":"2016-12-20T11:00:30+00:00","og_image":[{"width":120,"height":300,"url":"https:\/\/dev.tokset.com\/wp-content\/uploads\/89-300KS.jpg","type":"image\/jpeg"}],"twitter_card":"summary_large_image","schema":{"@context":"https:\/\/schema.org","@graph":[{"@type":"WebPage","@id":"https:\/\/tokset.com\/en\/products\/ash-containers-stainless\/turvatuhkis-m\/","url":"https:\/\/tokset.com\/en\/products\/ash-containers-stainless\/turvatuhkis-m\/","name":"Safe Tray M | Tokset Oy on kotimainen valmistaja","isPartOf":{"@id":"https:\/\/dev.tokset.com\/#website"},"primaryImageOfPage":{"@id":"https:\/\/tokset.com\/en\/products\/ash-containers-stainless\/turvatuhkis-m\/#primaryimage"},"image":{"@id":"https:\/\/tokset.com\/en\/products\/ash-containers-stainless\/turvatuhkis-m\/#primaryimage"},"thumbnailUrl":"https:\/\/dev.tokset.com\/wp-content\/uploads\/89-300KS.jpg","datePublished":"2016-04-18T18:23:20+00:00","dateModified":"2016-12-20T11:00:30+00:00","description":"Tuhka-astia on kiillotettua ruostumatonta ter\u00e4st\u00e4, joka voidaan kiinnitt\u00e4\u00e4 sein\u00e4\u00e4n tai pylv\u00e4\u00e4seen. Savukkeen sammutusta varten tuhka-astiassa on sammutinrauta ja tuhka-astin tyhjennys alakautta kolmioavaimella on helppoa ja nopeaa.","breadcrumb":{"@id":"https:\/\/tokset.com\/en\/products\/ash-containers-stainless\/turvatuhkis-m\/#breadcrumb"},"inLanguage":"en-US","potentialAction":[{"@type":"ReadAction","target":["https:\/\/tokset.com\/en\/products\/ash-containers-stainless\/turvatuhkis-m\/"]}]},{"@type":"ImageObject","inLanguage":"en-US","@id":"https:\/\/tokset.com\/en\/products\/ash-containers-stainless\/turvatuhkis-m\/#primaryimage","url":"https:\/\/dev.tokset.com\/wp-content\/uploads\/89-300KS.jpg","contentUrl":"https:\/\/dev.tokset.com\/wp-content\/uploads\/89-300KS.jpg","width":120,"height":300,"caption":"tuhka-astia M 300 mm"},{"@type":"BreadcrumbList","@id":"https:\/\/tokset.com\/en\/products\/ash-containers-stainless\/turvatuhkis-m\/#breadcrumb","itemListElement":[{"@type":"ListItem","position":1,"name":"Etusivu","item":"https:\/\/dev.tokset.com\/en\/front-page\/"},{"@type":"ListItem","position":2,"name":"PRODUCTS","item":"https:\/\/dev.tokset.com\/en\/products\/"},{"@type":"ListItem","position":3,"name":"Safe Tray M"}]},{"@type":"WebSite","@id":"https:\/\/dev.tokset.com\/#website","url":"https:\/\/dev.tokset.com\/","name":"Tokset Oy","description":"Paloturvalliset tuhka- ja roska-astiat","publisher":{"@id":"https:\/\/dev.tokset.com\/#organization"},"potentialAction":[{"@type":"SearchAction","target":{"@type":"EntryPoint","urlTemplate":"https:\/\/dev.tokset.com\/?s={search_term_string}"},"query-input":{"@type":"PropertyValueSpecification","valueRequired":true,"valueName":"search_term_string"}}],"inLanguage":"en-US"},{"@type":"Organization","@id":"https:\/\/dev.tokset.com\/#organization","name":"Tokset Oy","url":"https:\/\/dev.tokset.com\/","logo":{"@type":"ImageObject","inLanguage":"en-US","@id":"https:\/\/dev.tokset.com\/#\/schema\/logo\/image\/","url":"https:\/\/dev.tokset.com\/wp-content\/uploads\/toksetlogo_musta-1.png","contentUrl":"https:\/\/dev.tokset.com\/wp-content\/uploads\/toksetlogo_musta-1.png","width":649,"height":222,"caption":"Tokset Oy"},"image":{"@id":"https:\/\/dev.tokset.com\/#\/schema\/logo\/image\/"}}]}},"uagb_featured_image_src":{"full":["https:\/\/dev.tokset.com\/wp-content\/uploads\/89-300KS.jpg",120,300,false],"thumbnail":["https:\/\/dev.tokset.com\/wp-content\/uploads\/89-300KS.jpg",60,150,false],"medium":["https:\/\/dev.tokset.com\/wp-content\/uploads\/89-300KS.jpg",120,300,false],"medium_large":["https:\/\/dev.tokset.com\/wp-content\/uploads\/89-300KS.jpg",120,300,false],"large":["https:\/\/dev.tokset.com\/wp-content\/uploads\/89-300KS.jpg",120,300,false],"1536x1536":["https:\/\/dev.tokset.com\/wp-content\/uploads\/89-300KS.jpg",120,300,false],"2048x2048":["https:\/\/dev.tokset.com\/wp-content\/uploads\/89-300KS.jpg",120,300,false],"sidebar-featured":["https:\/\/dev.tokset.com\/wp-content\/uploads\/89-300KS.jpg",30,75,false],"genesis-singular-images":["https:\/\/dev.tokset.com\/wp-content\/uploads\/89-300KS.jpg",120,300,false],"woocommerce_thumbnail":["https:\/\/dev.tokset.com\/wp-content\/uploads\/89-300KS.jpg",120,300,false],"woocommerce_single":["https:\/\/dev.tokset.com\/wp-content\/uploads\/89-300KS.jpg",120,300,false],"woocommerce_gallery_thumbnail":["https:\/\/dev.tokset.com\/wp-content\/uploads\/89-300KS-120x180.jpg",120,180,true]},"uagb_author_info":{"display_name":"Tokset Oy","author_link":"https:\/\/dev.tokset.com\/en\/author\/"},"uagb_comment_info":0,"uagb_excerpt":"Safe Tray M wall mounted, tirangularlock and key, extinguishing rod, inner tube reduces oxygen flow and prevents smoke, measurements 89 x 300 mm, easy to empty by opening hinged bottom lid","_links":{"self":[{"href":"https:\/\/dev.tokset.com\/en\/wp-json\/wp\/v2\/product\/384","targetHints":{"allow":["GET"]}}],"collection":[{"href":"https:\/\/dev.tokset.com\/en\/wp-json\/wp\/v2\/product"}],"about":[{"href":"https:\/\/dev.tokset.com\/en\/wp-json\/wp\/v2\/types\/product"}],"wp:featuredmedia":[{"embeddable":true,"href":"https:\/\/dev.tokset.com\/en\/wp-json\/wp\/v2\/media\/385"}],"wp:attachment":[{"href":"https:\/\/dev.tokset.com\/en\/wp-json\/wp\/v2\/media?parent=384"}],"wp:term":[{"taxonomy":"product_brand","embeddable":true,"href":"https:\/\/dev.tokset.com\/en\/wp-json\/wp\/v2\/product_brand?post=384"},{"taxonomy":"product_cat","embeddable":true,"href":"https:\/\/dev.tokset.com\/en\/wp-json\/wp\/v2\/product_cat?post=384"},{"taxonomy":"product_tag","embeddable":true,"href":"https:\/\/dev.tokset.com\/en\/wp-json\/wp\/v2\/product_tag?post=384"}],"curies":[{"name":"wp","href":"https:\/\/api.w.org\/{rel}","templated":true}]}}