{"id":594,"date":"2016-05-12T12:33:33","date_gmt":"2016-05-16T07:43:00","guid":{"rendered":"https:\/\/dev.tokset.com\/\/?post_type=product&#038;p=594&#038;lang=en"},"modified":"2017-01-05T13:00:05","modified_gmt":"2017-01-05T11:00:05","slug":"safe-bin-l-m3__trashed","status":"publish","type":"product","link":"https:\/\/dev.tokset.com\/en\/products\/waste-bins-powder-coated\/safe-bin-l-m3__trashed\/","title":{"rendered":"Safe Bin L 60 liter M3"},"content":{"rendered":"<div class=\"gca-column one-half first\"><\/div><div class=\"gca-column one-half\"><\/div>\n<p>Technical data:<\/p>\n<ul>\n<li>Code: 60-900M3<\/li>\n<li>Lenght: 900 mm<\/li>\n<li>Width: 420 mm<\/li>\n<li>Weight: 25kg<\/li>\n<li>Volume: 60 l<\/li>\n<li>Color: RAL colors<\/li>\n<\/ul>\n[\/one-half-first]<div class=\"gca-column one-half\"><\/div>\n","protected":false},"excerpt":{"rendered":"<p>Safe Bin L M3<br \/>\ngalvanized steel, painted in all RAL colours, round foot C3, free standing, inner bin volume 60 L, good design, solid construction,, triangluar lock and key, inner bin of marine aluminium for safe and easy emptying<\/p>\n","protected":false},"featured_media":615,"template":"","meta":{"_uag_custom_page_level_css":"","_genesis_hide_title":false,"_genesis_hide_breadcrumbs":false,"_genesis_hide_singular_image":false,"_genesis_hide_footer_widgets":false,"_genesis_custom_body_class":"","_genesis_custom_post_class":"","_genesis_layout":"","ngg_post_thumbnail":0},"product_brand":[],"product_cat":[24],"product_tag":[],"class_list":{"0":"post-594","1":"product","2":"type-product","3":"status-publish","4":"has-post-thumbnail","6":"product_cat-waste-bins-powder-coated","7":"entry","9":"first","10":"instock","11":"shipping-taxable","12":"product-type-simple"},"yoast_head":"<!-- This site is optimized with the Yoast SEO plugin v24.3 - https:\/\/yoast.com\/wordpress\/plugins\/seo\/ -->\n<title>Safe Bin L 60 liter M3 | Tokset Oy on kotimainen valmistaja<\/title>\n<meta name=\"description\" content=\"Maalatut roska-astiat ovat pulverimaalattu UV-s\u00e4teilyn- ja s\u00e4\u00e4n kest\u00e4viksi. Paloturvalliset kest\u00e4v\u00e4t roska-astiat sis\u00e4- ja ulkotiloihin.\" \/>\n<meta name=\"robots\" content=\"index, follow, max-snippet:-1, max-image-preview:large, max-video-preview:-1\" \/>\n<link rel=\"canonical\" href=\"https:\/\/dev.tokset.com\/en\/products\/waste-bins-powder-coated\/safe-bin-l-m3__trashed\/\" \/>\n<meta property=\"og:locale\" content=\"en_US\" \/>\n<meta property=\"og:type\" content=\"article\" \/>\n<meta property=\"og:title\" content=\"Safe Bin L 60 liter M3 | Tokset Oy on kotimainen valmistaja\" \/>\n<meta property=\"og:description\" content=\"Maalatut roska-astiat ovat pulverimaalattu UV-s\u00e4teilyn- ja s\u00e4\u00e4n kest\u00e4viksi. Paloturvalliset kest\u00e4v\u00e4t roska-astiat sis\u00e4- ja ulkotiloihin.\" \/>\n<meta property=\"og:url\" content=\"https:\/\/dev.tokset.com\/en\/products\/waste-bins-powder-coated\/safe-bin-l-m3__trashed\/\" \/>\n<meta property=\"og:site_name\" content=\"Tokset Oy\" \/>\n<meta property=\"article:modified_time\" content=\"2017-01-05T11:00:05+00:00\" \/>\n<meta property=\"og:image\" content=\"https:\/\/dev.tokset.com\/wp-content\/uploads\/60-900M3.jpg\" \/>\n\t<meta property=\"og:image:width\" content=\"132\" \/>\n\t<meta property=\"og:image:height\" content=\"300\" \/>\n\t<meta property=\"og:image:type\" content=\"image\/jpeg\" \/>\n<meta name=\"twitter:card\" content=\"summary_large_image\" \/>\n<script type=\"application\/ld+json\" class=\"yoast-schema-graph\">{\"@context\":\"https:\/\/schema.org\",\"@graph\":[{\"@type\":\"WebPage\",\"@id\":\"https:\/\/dev.tokset.com\/en\/products\/waste-bins-powder-coated\/safe-bin-l-m3__trashed\/\",\"url\":\"https:\/\/dev.tokset.com\/en\/products\/waste-bins-powder-coated\/safe-bin-l-m3__trashed\/\",\"name\":\"Safe Bin L 60 liter M3 | Tokset Oy on kotimainen valmistaja\",\"isPartOf\":{\"@id\":\"https:\/\/dev.tokset.com\/#website\"},\"primaryImageOfPage\":{\"@id\":\"https:\/\/dev.tokset.com\/en\/products\/waste-bins-powder-coated\/safe-bin-l-m3__trashed\/#primaryimage\"},\"image\":{\"@id\":\"https:\/\/dev.tokset.com\/en\/products\/waste-bins-powder-coated\/safe-bin-l-m3__trashed\/#primaryimage\"},\"thumbnailUrl\":\"https:\/\/dev.tokset.com\/wp-content\/uploads\/60-900M3.jpg\",\"datePublished\":\"2016-05-16T07:43:00+00:00\",\"dateModified\":\"2017-01-05T11:00:05+00:00\",\"description\":\"Maalatut roska-astiat ovat pulverimaalattu UV-s\u00e4teilyn- ja s\u00e4\u00e4n kest\u00e4viksi. Paloturvalliset kest\u00e4v\u00e4t roska-astiat sis\u00e4- ja ulkotiloihin.\",\"breadcrumb\":{\"@id\":\"https:\/\/dev.tokset.com\/en\/products\/waste-bins-powder-coated\/safe-bin-l-m3__trashed\/#breadcrumb\"},\"inLanguage\":\"en-US\",\"potentialAction\":[{\"@type\":\"ReadAction\",\"target\":[\"https:\/\/dev.tokset.com\/en\/products\/waste-bins-powder-coated\/safe-bin-l-m3__trashed\/\"]}]},{\"@type\":\"ImageObject\",\"inLanguage\":\"en-US\",\"@id\":\"https:\/\/dev.tokset.com\/en\/products\/waste-bins-powder-coated\/safe-bin-l-m3__trashed\/#primaryimage\",\"url\":\"https:\/\/dev.tokset.com\/wp-content\/uploads\/60-900M3.jpg\",\"contentUrl\":\"https:\/\/dev.tokset.com\/wp-content\/uploads\/60-900M3.jpg\",\"width\":132,\"height\":300,\"caption\":\"Roska-astia 60 litraa\"},{\"@type\":\"BreadcrumbList\",\"@id\":\"https:\/\/dev.tokset.com\/en\/products\/waste-bins-powder-coated\/safe-bin-l-m3__trashed\/#breadcrumb\",\"itemListElement\":[{\"@type\":\"ListItem\",\"position\":1,\"name\":\"Etusivu\",\"item\":\"https:\/\/dev.tokset.com\/en\/front-page\/\"},{\"@type\":\"ListItem\",\"position\":2,\"name\":\"PRODUCTS\",\"item\":\"https:\/\/dev.tokset.com\/en\/products\/\"},{\"@type\":\"ListItem\",\"position\":3,\"name\":\"Safe Bin L 60 liter M3\"}]},{\"@type\":\"WebSite\",\"@id\":\"https:\/\/dev.tokset.com\/#website\",\"url\":\"https:\/\/dev.tokset.com\/\",\"name\":\"Tokset Oy\",\"description\":\"Paloturvalliset tuhka- ja roska-astiat\",\"publisher\":{\"@id\":\"https:\/\/dev.tokset.com\/#organization\"},\"potentialAction\":[{\"@type\":\"SearchAction\",\"target\":{\"@type\":\"EntryPoint\",\"urlTemplate\":\"https:\/\/dev.tokset.com\/?s={search_term_string}\"},\"query-input\":{\"@type\":\"PropertyValueSpecification\",\"valueRequired\":true,\"valueName\":\"search_term_string\"}}],\"inLanguage\":\"en-US\"},{\"@type\":\"Organization\",\"@id\":\"https:\/\/dev.tokset.com\/#organization\",\"name\":\"Tokset Oy\",\"url\":\"https:\/\/dev.tokset.com\/\",\"logo\":{\"@type\":\"ImageObject\",\"inLanguage\":\"en-US\",\"@id\":\"https:\/\/dev.tokset.com\/#\/schema\/logo\/image\/\",\"url\":\"https:\/\/dev.tokset.com\/wp-content\/uploads\/toksetlogo_musta-1.png\",\"contentUrl\":\"https:\/\/dev.tokset.com\/wp-content\/uploads\/toksetlogo_musta-1.png\",\"width\":649,\"height\":222,\"caption\":\"Tokset Oy\"},\"image\":{\"@id\":\"https:\/\/dev.tokset.com\/#\/schema\/logo\/image\/\"}}]}<\/script>\n<!-- \/ Yoast SEO plugin. -->","yoast_head_json":{"title":"Safe Bin L 60 liter M3 | Tokset Oy on kotimainen valmistaja","description":"Maalatut roska-astiat ovat pulverimaalattu UV-s\u00e4teilyn- ja s\u00e4\u00e4n kest\u00e4viksi. Paloturvalliset kest\u00e4v\u00e4t roska-astiat sis\u00e4- ja ulkotiloihin.","robots":{"index":"index","follow":"follow","max-snippet":"max-snippet:-1","max-image-preview":"max-image-preview:large","max-video-preview":"max-video-preview:-1"},"canonical":"https:\/\/dev.tokset.com\/en\/products\/waste-bins-powder-coated\/safe-bin-l-m3__trashed\/","og_locale":"en_US","og_type":"article","og_title":"Safe Bin L 60 liter M3 | Tokset Oy on kotimainen valmistaja","og_description":"Maalatut roska-astiat ovat pulverimaalattu UV-s\u00e4teilyn- ja s\u00e4\u00e4n kest\u00e4viksi. Paloturvalliset kest\u00e4v\u00e4t roska-astiat sis\u00e4- ja ulkotiloihin.","og_url":"https:\/\/dev.tokset.com\/en\/products\/waste-bins-powder-coated\/safe-bin-l-m3__trashed\/","og_site_name":"Tokset Oy","article_modified_time":"2017-01-05T11:00:05+00:00","og_image":[{"width":132,"height":300,"url":"https:\/\/dev.tokset.com\/wp-content\/uploads\/60-900M3.jpg","type":"image\/jpeg"}],"twitter_card":"summary_large_image","schema":{"@context":"https:\/\/schema.org","@graph":[{"@type":"WebPage","@id":"https:\/\/dev.tokset.com\/en\/products\/waste-bins-powder-coated\/safe-bin-l-m3__trashed\/","url":"https:\/\/dev.tokset.com\/en\/products\/waste-bins-powder-coated\/safe-bin-l-m3__trashed\/","name":"Safe Bin L 60 liter M3 | Tokset Oy on kotimainen valmistaja","isPartOf":{"@id":"https:\/\/dev.tokset.com\/#website"},"primaryImageOfPage":{"@id":"https:\/\/dev.tokset.com\/en\/products\/waste-bins-powder-coated\/safe-bin-l-m3__trashed\/#primaryimage"},"image":{"@id":"https:\/\/dev.tokset.com\/en\/products\/waste-bins-powder-coated\/safe-bin-l-m3__trashed\/#primaryimage"},"thumbnailUrl":"https:\/\/dev.tokset.com\/wp-content\/uploads\/60-900M3.jpg","datePublished":"2016-05-16T07:43:00+00:00","dateModified":"2017-01-05T11:00:05+00:00","description":"Maalatut roska-astiat ovat pulverimaalattu UV-s\u00e4teilyn- ja s\u00e4\u00e4n kest\u00e4viksi. Paloturvalliset kest\u00e4v\u00e4t roska-astiat sis\u00e4- ja ulkotiloihin.","breadcrumb":{"@id":"https:\/\/dev.tokset.com\/en\/products\/waste-bins-powder-coated\/safe-bin-l-m3__trashed\/#breadcrumb"},"inLanguage":"en-US","potentialAction":[{"@type":"ReadAction","target":["https:\/\/dev.tokset.com\/en\/products\/waste-bins-powder-coated\/safe-bin-l-m3__trashed\/"]}]},{"@type":"ImageObject","inLanguage":"en-US","@id":"https:\/\/dev.tokset.com\/en\/products\/waste-bins-powder-coated\/safe-bin-l-m3__trashed\/#primaryimage","url":"https:\/\/dev.tokset.com\/wp-content\/uploads\/60-900M3.jpg","contentUrl":"https:\/\/dev.tokset.com\/wp-content\/uploads\/60-900M3.jpg","width":132,"height":300,"caption":"Roska-astia 60 litraa"},{"@type":"BreadcrumbList","@id":"https:\/\/dev.tokset.com\/en\/products\/waste-bins-powder-coated\/safe-bin-l-m3__trashed\/#breadcrumb","itemListElement":[{"@type":"ListItem","position":1,"name":"Etusivu","item":"https:\/\/dev.tokset.com\/en\/front-page\/"},{"@type":"ListItem","position":2,"name":"PRODUCTS","item":"https:\/\/dev.tokset.com\/en\/products\/"},{"@type":"ListItem","position":3,"name":"Safe Bin L 60 liter M3"}]},{"@type":"WebSite","@id":"https:\/\/dev.tokset.com\/#website","url":"https:\/\/dev.tokset.com\/","name":"Tokset Oy","description":"Paloturvalliset tuhka- ja roska-astiat","publisher":{"@id":"https:\/\/dev.tokset.com\/#organization"},"potentialAction":[{"@type":"SearchAction","target":{"@type":"EntryPoint","urlTemplate":"https:\/\/dev.tokset.com\/?s={search_term_string}"},"query-input":{"@type":"PropertyValueSpecification","valueRequired":true,"valueName":"search_term_string"}}],"inLanguage":"en-US"},{"@type":"Organization","@id":"https:\/\/dev.tokset.com\/#organization","name":"Tokset Oy","url":"https:\/\/dev.tokset.com\/","logo":{"@type":"ImageObject","inLanguage":"en-US","@id":"https:\/\/dev.tokset.com\/#\/schema\/logo\/image\/","url":"https:\/\/dev.tokset.com\/wp-content\/uploads\/toksetlogo_musta-1.png","contentUrl":"https:\/\/dev.tokset.com\/wp-content\/uploads\/toksetlogo_musta-1.png","width":649,"height":222,"caption":"Tokset Oy"},"image":{"@id":"https:\/\/dev.tokset.com\/#\/schema\/logo\/image\/"}}]}},"uagb_featured_image_src":{"full":["https:\/\/dev.tokset.com\/wp-content\/uploads\/60-900M3.jpg",132,300,false],"thumbnail":["https:\/\/dev.tokset.com\/wp-content\/uploads\/60-900M3.jpg",66,150,false],"medium":["https:\/\/dev.tokset.com\/wp-content\/uploads\/60-900M3.jpg",132,300,false],"medium_large":["https:\/\/dev.tokset.com\/wp-content\/uploads\/60-900M3.jpg",132,300,false],"large":["https:\/\/dev.tokset.com\/wp-content\/uploads\/60-900M3.jpg",132,300,false],"1536x1536":["https:\/\/dev.tokset.com\/wp-content\/uploads\/60-900M3.jpg",132,300,false],"2048x2048":["https:\/\/dev.tokset.com\/wp-content\/uploads\/60-900M3.jpg",132,300,false],"sidebar-featured":["https:\/\/dev.tokset.com\/wp-content\/uploads\/60-900M3.jpg",33,75,false],"genesis-singular-images":["https:\/\/dev.tokset.com\/wp-content\/uploads\/60-900M3.jpg",132,300,false],"woocommerce_thumbnail":["https:\/\/dev.tokset.com\/wp-content\/uploads\/60-900M3.jpg",132,300,false],"woocommerce_single":["https:\/\/dev.tokset.com\/wp-content\/uploads\/60-900M3.jpg",132,300,false],"woocommerce_gallery_thumbnail":["https:\/\/dev.tokset.com\/wp-content\/uploads\/60-900M3-132x180.jpg",132,180,true]},"uagb_author_info":{"display_name":"Tokset Oy","author_link":"https:\/\/dev.tokset.com\/en\/author\/"},"uagb_comment_info":0,"uagb_excerpt":"Safe Bin L M3 galvanized steel, painted in all RAL colours, round foot C3, free standing, inner bin volume 60 L, good design, solid construction,, triangluar lock and key, inner bin of marine aluminium for safe and easy emptying","_links":{"self":[{"href":"https:\/\/dev.tokset.com\/en\/wp-json\/wp\/v2\/product\/594","targetHints":{"allow":["GET"]}}],"collection":[{"href":"https:\/\/dev.tokset.com\/en\/wp-json\/wp\/v2\/product"}],"about":[{"href":"https:\/\/dev.tokset.com\/en\/wp-json\/wp\/v2\/types\/product"}],"wp:featuredmedia":[{"embeddable":true,"href":"https:\/\/dev.tokset.com\/en\/wp-json\/wp\/v2\/media\/615"}],"wp:attachment":[{"href":"https:\/\/dev.tokset.com\/en\/wp-json\/wp\/v2\/media?parent=594"}],"wp:term":[{"taxonomy":"product_brand","embeddable":true,"href":"https:\/\/dev.tokset.com\/en\/wp-json\/wp\/v2\/product_brand?post=594"},{"taxonomy":"product_cat","embeddable":true,"href":"https:\/\/dev.tokset.com\/en\/wp-json\/wp\/v2\/product_cat?post=594"},{"taxonomy":"product_tag","embeddable":true,"href":"https:\/\/dev.tokset.com\/en\/wp-json\/wp\/v2\/product_tag?post=594"}],"curies":[{"name":"wp","href":"https:\/\/api.w.org\/{rel}","templated":true}]}}